{"id":32879,"date":"2024-06-18T15:51:33","date_gmt":"2024-06-18T15:51:33","guid":{"rendered":"https:\/\/www.louizaauktion.com\/product\/salvador-dali-1904-1989-figure-faunesque-homme-tete\/"},"modified":"2024-06-18T15:51:33","modified_gmt":"2024-06-18T15:51:33","slug":"salvador-dali-1904-1989-figure-faunesque-homme-tete","status":"publish","type":"product","link":"https:\/\/www.louizaauktion.com\/en\/product\/salvador-dali-1904-1989-figure-faunesque-homme-tete\/","title":{"rendered":"Salvador DALI (1904-1989). \u00ab Faunesque figure, Man-Head-"},"content":{"rendered":"<p>\u00ab Faunesque figure, Man-Head- <\/p>\n<p>Horns\u201d.1973. <\/p>\n<p>Bronze with a brown patina on a base <\/p>\n<p>made of marble. <\/p>\n<p>Signed \u201cDali\u201d on the back. <\/p>\n<p>Numbered \u201cUSA 182\/2500\u201d. <\/p>\n<p>Height: 18 cm. <\/p>\n<p>Height with base: 23 cm., <\/p>\n<p>Publisher: 2049 Obra Contempor\u00e1nea. <\/p>\n<p>Bibliography: Referenced in the catalog raisonn\u00e9 by Robert and Nicolas Descharnes, Dali: The hard and the soft, Sortil\u00e8ge and magic of forms, Sculptures and Objects, \u00c9ditions Eccart, Paris, 2003, page 165, number 412. (A similar copy).<br \/>\n1200\/1500\u20ac<\/p>","protected":false},"excerpt":{"rendered":"<p>Bronze. Sign.<\/p>","protected":false},"featured_media":32119,"comment_status":"open","ping_status":"closed","template":"","meta":{"_acf_changed":false},"product_brand":[],"product_cat":[15],"product_tag":[65],"class_list":{"0":"post-32879","1":"product","2":"type-product","3":"status-publish","4":"has-post-thumbnail","6":"product_cat-uncategorized","7":"product_tag-vente-2024-06-29","9":"first","10":"instock","11":"shipping-taxable","12":"purchasable","13":"product-type-simple"},"acf":[],"_links":{"self":[{"href":"https:\/\/www.louizaauktion.com\/en\/wp-json\/wp\/v2\/product\/32879","targetHints":{"allow":["GET"]}}],"collection":[{"href":"https:\/\/www.louizaauktion.com\/en\/wp-json\/wp\/v2\/product"}],"about":[{"href":"https:\/\/www.louizaauktion.com\/en\/wp-json\/wp\/v2\/types\/product"}],"replies":[{"embeddable":true,"href":"https:\/\/www.louizaauktion.com\/en\/wp-json\/wp\/v2\/comments?post=32879"}],"wp:featuredmedia":[{"embeddable":true,"href":"https:\/\/www.louizaauktion.com\/en\/wp-json\/wp\/v2\/media\/32119"}],"wp:attachment":[{"href":"https:\/\/www.louizaauktion.com\/en\/wp-json\/wp\/v2\/media?parent=32879"}],"wp:term":[{"taxonomy":"product_brand","embeddable":true,"href":"https:\/\/www.louizaauktion.com\/en\/wp-json\/wp\/v2\/product_brand?post=32879"},{"taxonomy":"product_cat","embeddable":true,"href":"https:\/\/www.louizaauktion.com\/en\/wp-json\/wp\/v2\/product_cat?post=32879"},{"taxonomy":"product_tag","embeddable":true,"href":"https:\/\/www.louizaauktion.com\/en\/wp-json\/wp\/v2\/product_tag?post=32879"}],"curies":[{"name":"wp","href":"https:\/\/api.w.org\/{rel}","templated":true}]}}