{"id":15871,"date":"2022-03-01T16:02:26","date_gmt":"2022-03-01T16:02:26","guid":{"rendered":"https:\/\/www.louizaauktion.com\/product\/lot-n327-andy-warhol-1928-1987-dapres\/"},"modified":"2022-03-01T16:02:26","modified_gmt":"2022-03-01T16:02:26","slug":"lot-n327-andy-warhol-1928-1987-dapres","status":"publish","type":"product","link":"https:\/\/www.louizaauktion.com\/en\/product\/lot-n327-andy-warhol-1928-1987-dapres\/","title":{"rendered":"LOT N\u00b0327 \u2013 Andy WARHOL (1928-1987), After"},"content":{"rendered":"<p>Color silkscreen on paper, <\/p>\n<p>Signed in the plate, Editor&#039;s stamp lower right.<br \/>\n150 copies numbered.<br \/>\nThe publisher&#039;s certificate is attached to the work.<\/p>\n<p>76 x 56cm<\/p>\n<p>300\/500<\/p>","protected":false},"excerpt":{"rendered":"<p>S\u00e9rigraphie en couleur sur papier, sign\u00e9e dans la planche, Cachet de l\u2019\u00e9diteur en bas \u00e0 droite. Num\u00e9rot\u00e9 \u00e0 150 ex. Le certificat de l\u2019\u00e9diteur est joint \u00e0 l\u2019oeuvre. 76 x [&hellip;]<\/p>\n","protected":false},"featured_media":13478,"comment_status":"open","ping_status":"closed","template":"","meta":{"_acf_changed":false},"product_brand":[],"product_cat":[15],"product_tag":[45],"class_list":{"0":"post-15871","1":"product","2":"type-product","3":"status-publish","4":"has-post-thumbnail","6":"product_cat-uncategorized","7":"product_tag-vente-2022-03-12","9":"first","10":"instock","11":"shipping-taxable","12":"purchasable","13":"product-type-simple"},"acf":[],"_links":{"self":[{"href":"https:\/\/www.louizaauktion.com\/en\/wp-json\/wp\/v2\/product\/15871","targetHints":{"allow":["GET"]}}],"collection":[{"href":"https:\/\/www.louizaauktion.com\/en\/wp-json\/wp\/v2\/product"}],"about":[{"href":"https:\/\/www.louizaauktion.com\/en\/wp-json\/wp\/v2\/types\/product"}],"replies":[{"embeddable":true,"href":"https:\/\/www.louizaauktion.com\/en\/wp-json\/wp\/v2\/comments?post=15871"}],"wp:featuredmedia":[{"embeddable":true,"href":"https:\/\/www.louizaauktion.com\/en\/wp-json\/wp\/v2\/media\/13478"}],"wp:attachment":[{"href":"https:\/\/www.louizaauktion.com\/en\/wp-json\/wp\/v2\/media?parent=15871"}],"wp:term":[{"taxonomy":"product_brand","embeddable":true,"href":"https:\/\/www.louizaauktion.com\/en\/wp-json\/wp\/v2\/product_brand?post=15871"},{"taxonomy":"product_cat","embeddable":true,"href":"https:\/\/www.louizaauktion.com\/en\/wp-json\/wp\/v2\/product_cat?post=15871"},{"taxonomy":"product_tag","embeddable":true,"href":"https:\/\/www.louizaauktion.com\/en\/wp-json\/wp\/v2\/product_tag?post=15871"}],"curies":[{"name":"wp","href":"https:\/\/api.w.org\/{rel}","templated":true}]}}