{"id":15865,"date":"2022-03-01T16:02:25","date_gmt":"2022-03-01T16:02:25","guid":{"rendered":"https:\/\/www.louizaauktion.com\/product\/lot-n321-robert-indiana-1928-2018dapres\/"},"modified":"2022-03-01T16:02:25","modified_gmt":"2022-03-01T16:02:25","slug":"lot-n321-robert-indiana-1928-2018dapres","status":"publish","type":"product","link":"https:\/\/www.louizaauktion.com\/en\/product\/lot-n321-robert-indiana-1928-2018dapres\/","title":{"rendered":"LOT N\u00b0321 \u2013 Robert INDIANA (1928-2018), According to"},"content":{"rendered":"<p>Color silkscreen on paper, <\/p>\n<p>signed in the plate, publisher&#039;s stamp lower right.<br \/>\n150 copies numbered.<br \/>\nThe publisher&#039;s certificate is attached to the work.<\/p>\n<p>38 x 28 cm<\/p>\n<p>150\/200<\/p>","protected":false},"excerpt":{"rendered":"<p>S\u00e9rigraphie en couleur sur papier, sign\u00e9e dans la planche, Cachet de l&rsquo;\u00e9diteur en bas \u00e0 droite. Num\u00e9rot\u00e9 \u00e0 150 ex. Le certificat de l\u2019\u00e9diteur est joint \u00e0 l\u2019oeuvre. 38 x [&hellip;]<\/p>\n","protected":false},"featured_media":13472,"comment_status":"open","ping_status":"closed","template":"","meta":{"_acf_changed":false},"product_brand":[],"product_cat":[15],"product_tag":[45],"class_list":{"0":"post-15865","1":"product","2":"type-product","3":"status-publish","4":"has-post-thumbnail","6":"product_cat-uncategorized","7":"product_tag-vente-2022-03-12","9":"first","10":"instock","11":"shipping-taxable","12":"purchasable","13":"product-type-simple"},"acf":[],"_links":{"self":[{"href":"https:\/\/www.louizaauktion.com\/en\/wp-json\/wp\/v2\/product\/15865","targetHints":{"allow":["GET"]}}],"collection":[{"href":"https:\/\/www.louizaauktion.com\/en\/wp-json\/wp\/v2\/product"}],"about":[{"href":"https:\/\/www.louizaauktion.com\/en\/wp-json\/wp\/v2\/types\/product"}],"replies":[{"embeddable":true,"href":"https:\/\/www.louizaauktion.com\/en\/wp-json\/wp\/v2\/comments?post=15865"}],"wp:featuredmedia":[{"embeddable":true,"href":"https:\/\/www.louizaauktion.com\/en\/wp-json\/wp\/v2\/media\/13472"}],"wp:attachment":[{"href":"https:\/\/www.louizaauktion.com\/en\/wp-json\/wp\/v2\/media?parent=15865"}],"wp:term":[{"taxonomy":"product_brand","embeddable":true,"href":"https:\/\/www.louizaauktion.com\/en\/wp-json\/wp\/v2\/product_brand?post=15865"},{"taxonomy":"product_cat","embeddable":true,"href":"https:\/\/www.louizaauktion.com\/en\/wp-json\/wp\/v2\/product_cat?post=15865"},{"taxonomy":"product_tag","embeddable":true,"href":"https:\/\/www.louizaauktion.com\/en\/wp-json\/wp\/v2\/product_tag?post=15865"}],"curies":[{"name":"wp","href":"https:\/\/api.w.org\/{rel}","templated":true}]}}