{"id":15846,"date":"2022-03-01T16:02:22","date_gmt":"2022-03-01T16:02:22","guid":{"rendered":"https:\/\/www.louizaauktion.com\/product\/lot-n302-damien-hirst-ne-en-1965-dapres\/"},"modified":"2022-03-01T16:02:22","modified_gmt":"2022-03-01T16:02:22","slug":"lot-n302-damien-hirst-ne-en-1965-dapres","status":"publish","type":"product","link":"https:\/\/www.louizaauktion.com\/en\/product\/lot-n302-damien-hirst-ne-en-1965-dapres\/","title":{"rendered":"LOT N\u00b0302 \u2013 Damien HIRST (Born in 1965), According to"},"content":{"rendered":"<p> Untitled<br \/>\n Color screenprint on paper, signed in the plate, publisher&#039;s stamp lower right. Numbered 150 copies.<br \/>\n 28 x 38 cm<br \/>\n The publisher&#039;s certificate is attached to the work.<\/p>\n<p>150\/200<\/p>","protected":false},"excerpt":{"rendered":"<p>Sans titre S\u00e9rigraphie en couleur sur papier, sign\u00e9e dans la planche, Cachet de l\u2019\u00e9diteur en bas \u00e0 droite. Num\u00e9rot\u00e9 \u00e0 150 ex. 28 x 38 cm Le certificat de l\u2019\u00e9diteur [&hellip;]<\/p>\n","protected":false},"featured_media":13453,"comment_status":"open","ping_status":"closed","template":"","meta":{"_acf_changed":false},"product_brand":[],"product_cat":[15],"product_tag":[45],"class_list":{"0":"post-15846","1":"product","2":"type-product","3":"status-publish","4":"has-post-thumbnail","6":"product_cat-uncategorized","7":"product_tag-vente-2022-03-12","9":"first","10":"instock","11":"shipping-taxable","12":"purchasable","13":"product-type-simple"},"acf":[],"_links":{"self":[{"href":"https:\/\/www.louizaauktion.com\/en\/wp-json\/wp\/v2\/product\/15846","targetHints":{"allow":["GET"]}}],"collection":[{"href":"https:\/\/www.louizaauktion.com\/en\/wp-json\/wp\/v2\/product"}],"about":[{"href":"https:\/\/www.louizaauktion.com\/en\/wp-json\/wp\/v2\/types\/product"}],"replies":[{"embeddable":true,"href":"https:\/\/www.louizaauktion.com\/en\/wp-json\/wp\/v2\/comments?post=15846"}],"wp:featuredmedia":[{"embeddable":true,"href":"https:\/\/www.louizaauktion.com\/en\/wp-json\/wp\/v2\/media\/13453"}],"wp:attachment":[{"href":"https:\/\/www.louizaauktion.com\/en\/wp-json\/wp\/v2\/media?parent=15846"}],"wp:term":[{"taxonomy":"product_brand","embeddable":true,"href":"https:\/\/www.louizaauktion.com\/en\/wp-json\/wp\/v2\/product_brand?post=15846"},{"taxonomy":"product_cat","embeddable":true,"href":"https:\/\/www.louizaauktion.com\/en\/wp-json\/wp\/v2\/product_cat?post=15846"},{"taxonomy":"product_tag","embeddable":true,"href":"https:\/\/www.louizaauktion.com\/en\/wp-json\/wp\/v2\/product_tag?post=15846"}],"curies":[{"name":"wp","href":"https:\/\/api.w.org\/{rel}","templated":true}]}}