{"id":15824,"date":"2022-03-01T16:02:18","date_gmt":"2022-03-01T16:02:18","guid":{"rendered":"https:\/\/www.louizaauktion.com\/product\/lot-n280-ola-volo\/"},"modified":"2022-03-01T16:02:18","modified_gmt":"2022-03-01T16:02:18","slug":"lot-n280-ola-volo","status":"publish","type":"product","link":"https:\/\/www.louizaauktion.com\/en\/product\/lot-n280-ola-volo\/","title":{"rendered":"LOT N\u00b0280 \u2013 OLA VOLO"},"content":{"rendered":"<p>Lithograph on Arches paper, <\/p>\n<p>Signed and numbered in 118 copies<\/p>\n<p>76 x 56cm approx.<\/p>\n<p>150\/200<\/p>","protected":false},"excerpt":{"rendered":"<p>Lithographie sur papier Arches, Sign\u00e9 et num\u00e9rot\u00e9 \u00e0 118 exemplaires 76 x 56 cm env. 150\/200<\/p>","protected":false},"featured_media":13415,"comment_status":"open","ping_status":"closed","template":"","meta":{"_acf_changed":false},"product_brand":[],"product_cat":[15],"product_tag":[45],"class_list":{"0":"post-15824","1":"product","2":"type-product","3":"status-publish","4":"has-post-thumbnail","6":"product_cat-uncategorized","7":"product_tag-vente-2022-03-12","9":"first","10":"instock","11":"shipping-taxable","12":"purchasable","13":"product-type-simple"},"acf":[],"_links":{"self":[{"href":"https:\/\/www.louizaauktion.com\/en\/wp-json\/wp\/v2\/product\/15824","targetHints":{"allow":["GET"]}}],"collection":[{"href":"https:\/\/www.louizaauktion.com\/en\/wp-json\/wp\/v2\/product"}],"about":[{"href":"https:\/\/www.louizaauktion.com\/en\/wp-json\/wp\/v2\/types\/product"}],"replies":[{"embeddable":true,"href":"https:\/\/www.louizaauktion.com\/en\/wp-json\/wp\/v2\/comments?post=15824"}],"wp:featuredmedia":[{"embeddable":true,"href":"https:\/\/www.louizaauktion.com\/en\/wp-json\/wp\/v2\/media\/13415"}],"wp:attachment":[{"href":"https:\/\/www.louizaauktion.com\/en\/wp-json\/wp\/v2\/media?parent=15824"}],"wp:term":[{"taxonomy":"product_brand","embeddable":true,"href":"https:\/\/www.louizaauktion.com\/en\/wp-json\/wp\/v2\/product_brand?post=15824"},{"taxonomy":"product_cat","embeddable":true,"href":"https:\/\/www.louizaauktion.com\/en\/wp-json\/wp\/v2\/product_cat?post=15824"},{"taxonomy":"product_tag","embeddable":true,"href":"https:\/\/www.louizaauktion.com\/en\/wp-json\/wp\/v2\/product_tag?post=15824"}],"curies":[{"name":"wp","href":"https:\/\/api.w.org\/{rel}","templated":true}]}}