{"id":15815,"date":"2022-03-01T16:02:16","date_gmt":"2022-03-01T16:02:16","guid":{"rendered":"https:\/\/www.louizaauktion.com\/product\/lot-n271-shepard-fairey-ne-en-1970\/"},"modified":"2022-03-01T16:02:16","modified_gmt":"2022-03-01T16:02:16","slug":"lot-n271-shepard-fairey-ne-en-1970","status":"publish","type":"product","link":"https:\/\/www.louizaauktion.com\/en\/product\/lot-n271-shepard-fairey-ne-en-1970\/","title":{"rendered":"LOT N\u00b0271 \u2013 Shepard FAIREY (Born in 1970)"},"content":{"rendered":"<p>Color silkscreen on paper <\/p>\n<p>Signed and numbered at 450 copies<\/p>\n<p>70x100cm<\/p>\n<p>150\/200<\/p>","protected":false},"excerpt":{"rendered":"<p>S\u00e9rigraphie en couleur sur papier Sign\u00e9e et num\u00e9rot\u00e9e \u00e0 450 exemplaires 70 x 100 cm 150\/200<\/p>","protected":false},"featured_media":13406,"comment_status":"open","ping_status":"closed","template":"","meta":{"_acf_changed":false},"product_brand":[],"product_cat":[15],"product_tag":[45],"class_list":{"0":"post-15815","1":"product","2":"type-product","3":"status-publish","4":"has-post-thumbnail","6":"product_cat-uncategorized","7":"product_tag-vente-2022-03-12","9":"first","10":"instock","11":"shipping-taxable","12":"purchasable","13":"product-type-simple"},"acf":[],"_links":{"self":[{"href":"https:\/\/www.louizaauktion.com\/en\/wp-json\/wp\/v2\/product\/15815","targetHints":{"allow":["GET"]}}],"collection":[{"href":"https:\/\/www.louizaauktion.com\/en\/wp-json\/wp\/v2\/product"}],"about":[{"href":"https:\/\/www.louizaauktion.com\/en\/wp-json\/wp\/v2\/types\/product"}],"replies":[{"embeddable":true,"href":"https:\/\/www.louizaauktion.com\/en\/wp-json\/wp\/v2\/comments?post=15815"}],"wp:featuredmedia":[{"embeddable":true,"href":"https:\/\/www.louizaauktion.com\/en\/wp-json\/wp\/v2\/media\/13406"}],"wp:attachment":[{"href":"https:\/\/www.louizaauktion.com\/en\/wp-json\/wp\/v2\/media?parent=15815"}],"wp:term":[{"taxonomy":"product_brand","embeddable":true,"href":"https:\/\/www.louizaauktion.com\/en\/wp-json\/wp\/v2\/product_brand?post=15815"},{"taxonomy":"product_cat","embeddable":true,"href":"https:\/\/www.louizaauktion.com\/en\/wp-json\/wp\/v2\/product_cat?post=15815"},{"taxonomy":"product_tag","embeddable":true,"href":"https:\/\/www.louizaauktion.com\/en\/wp-json\/wp\/v2\/product_tag?post=15815"}],"curies":[{"name":"wp","href":"https:\/\/api.w.org\/{rel}","templated":true}]}}