{"id":15781,"date":"2022-03-01T16:02:10","date_gmt":"2022-03-01T16:02:10","guid":{"rendered":"https:\/\/www.louizaauktion.com\/product\/lot-n237-gerard-garouste-ne-en-1946\/"},"modified":"2022-03-01T16:02:10","modified_gmt":"2022-03-01T16:02:10","slug":"lot-n237-gerard-garouste-ne-en-1946","status":"publish","type":"product","link":"https:\/\/www.louizaauktion.com\/en\/product\/lot-n237-gerard-garouste-ne-en-1946\/","title":{"rendered":"LOT N\u00b0237 \u2013 G\u00e9rard GAROUSTE (Born in 1946)"},"content":{"rendered":"<p>Silkscreen on fabric, printed signature, dated,<\/p>\n<p>Numbered 7\/10, justified &quot;LINDENCORSO EDITION&quot;,<br \/>\nPart of a set produced for the \u201cFlags of Action\u201d in 1995-1996, at the initiative of Marie-Luise Syring, deputy director of the Kunsthalle D\u00fcsseldorf and the artist Stefan Szczesny (1951) for the \u201cKunstproject\u201d of the Lindencorso in Berlin, in the summer of 1996.<\/p>\n<p>Exhibition catalog: LINDENCORSO, The Artists Banners of the Lindencorso Projekt KUNSTPROJEKT, Berlin, 1995 (9 German artists &amp; 9<br \/>\n French artists participated, in particular, Jean-Michel Alberola, Robert Combas, Ben Vautier\u2026) <\/p>\n<p>400x200cm <\/p>\n<p>1800\/2000<\/p>","protected":false},"excerpt":{"rendered":"<p>S\u00e9rigraphie sur tissu, signature imprim\u00e9e, dat\u00e9e, Num\u00e9rot\u00e9e 7\/10, justifi\u00e9e \u00ab LINDENCORSO EDITION \u00bb, Fait partie d\u2019un ensemble r\u00e9alis\u00e9 pour les \u00ab Drapeaux d&rsquo;Action \u00bb en 1995-1996, \u00e0 l&rsquo;initiative de Marie-Luise [&hellip;]<\/p>\n","protected":false},"featured_media":0,"comment_status":"open","ping_status":"closed","template":"","meta":{"_acf_changed":false},"product_brand":[],"product_cat":[15],"product_tag":[45],"class_list":{"0":"post-15781","1":"product","2":"type-product","3":"status-publish","5":"product_cat-uncategorized","6":"product_tag-vente-2022-03-12","8":"first","9":"instock","10":"shipping-taxable","11":"purchasable","12":"product-type-simple"},"acf":[],"_links":{"self":[{"href":"https:\/\/www.louizaauktion.com\/en\/wp-json\/wp\/v2\/product\/15781","targetHints":{"allow":["GET"]}}],"collection":[{"href":"https:\/\/www.louizaauktion.com\/en\/wp-json\/wp\/v2\/product"}],"about":[{"href":"https:\/\/www.louizaauktion.com\/en\/wp-json\/wp\/v2\/types\/product"}],"replies":[{"embeddable":true,"href":"https:\/\/www.louizaauktion.com\/en\/wp-json\/wp\/v2\/comments?post=15781"}],"wp:attachment":[{"href":"https:\/\/www.louizaauktion.com\/en\/wp-json\/wp\/v2\/media?parent=15781"}],"wp:term":[{"taxonomy":"product_brand","embeddable":true,"href":"https:\/\/www.louizaauktion.com\/en\/wp-json\/wp\/v2\/product_brand?post=15781"},{"taxonomy":"product_cat","embeddable":true,"href":"https:\/\/www.louizaauktion.com\/en\/wp-json\/wp\/v2\/product_cat?post=15781"},{"taxonomy":"product_tag","embeddable":true,"href":"https:\/\/www.louizaauktion.com\/en\/wp-json\/wp\/v2\/product_tag?post=15781"}],"curies":[{"name":"wp","href":"https:\/\/api.w.org\/{rel}","templated":true}]}}