{"id":15777,"date":"2022-03-01T16:02:09","date_gmt":"2022-03-01T16:02:09","guid":{"rendered":"https:\/\/www.louizaauktion.com\/product\/lot-n233-vhils-ne-en-1987\/"},"modified":"2022-03-01T16:02:09","modified_gmt":"2022-03-01T16:02:09","slug":"lot-n233-vhils-ne-en-1987","status":"publish","type":"product","link":"https:\/\/www.louizaauktion.com\/en\/product\/lot-n233-vhils-ne-en-1987\/","title":{"rendered":"LOT N\u00b0233 \u2013 VHILS (Born in 1987)"},"content":{"rendered":"<p>Silkscreen, ink, bleach and acid on paper, <\/p>\n<p>proof, signed and numbered at 250 copies<\/p>\n<p>70x50cm<\/p>\n<p>1000\/1200<\/p>","protected":false},"excerpt":{"rendered":"<p>S\u00e9rigraphie, encre, javel et acide sur papier, \u00e9preuve, sign\u00e9e et num\u00e9rot\u00e9e \u00e0 250 exemplaires 70 x 50 cm 1000\/1200<\/p>","protected":false},"featured_media":13368,"comment_status":"open","ping_status":"closed","template":"","meta":{"_acf_changed":false},"product_brand":[],"product_cat":[15],"product_tag":[45],"class_list":{"0":"post-15777","1":"product","2":"type-product","3":"status-publish","4":"has-post-thumbnail","6":"product_cat-uncategorized","7":"product_tag-vente-2022-03-12","9":"first","10":"instock","11":"shipping-taxable","12":"purchasable","13":"product-type-simple"},"acf":[],"_links":{"self":[{"href":"https:\/\/www.louizaauktion.com\/en\/wp-json\/wp\/v2\/product\/15777","targetHints":{"allow":["GET"]}}],"collection":[{"href":"https:\/\/www.louizaauktion.com\/en\/wp-json\/wp\/v2\/product"}],"about":[{"href":"https:\/\/www.louizaauktion.com\/en\/wp-json\/wp\/v2\/types\/product"}],"replies":[{"embeddable":true,"href":"https:\/\/www.louizaauktion.com\/en\/wp-json\/wp\/v2\/comments?post=15777"}],"wp:featuredmedia":[{"embeddable":true,"href":"https:\/\/www.louizaauktion.com\/en\/wp-json\/wp\/v2\/media\/13368"}],"wp:attachment":[{"href":"https:\/\/www.louizaauktion.com\/en\/wp-json\/wp\/v2\/media?parent=15777"}],"wp:term":[{"taxonomy":"product_brand","embeddable":true,"href":"https:\/\/www.louizaauktion.com\/en\/wp-json\/wp\/v2\/product_brand?post=15777"},{"taxonomy":"product_cat","embeddable":true,"href":"https:\/\/www.louizaauktion.com\/en\/wp-json\/wp\/v2\/product_cat?post=15777"},{"taxonomy":"product_tag","embeddable":true,"href":"https:\/\/www.louizaauktion.com\/en\/wp-json\/wp\/v2\/product_tag?post=15777"}],"curies":[{"name":"wp","href":"https:\/\/api.w.org\/{rel}","templated":true}]}}