{"id":15776,"date":"2022-03-01T16:02:09","date_gmt":"2022-03-01T16:02:09","guid":{"rendered":"https:\/\/www.louizaauktion.com\/product\/lot-n232-jean-michel-basquiat-1960-1988\/"},"modified":"2022-03-01T16:02:09","modified_gmt":"2022-03-01T16:02:09","slug":"lot-n232-jean-michel-basquiat-1960-1988","status":"publish","type":"product","link":"https:\/\/www.louizaauktion.com\/en\/product\/lot-n232-jean-michel-basquiat-1960-1988\/","title":{"rendered":"LOT NO. 232 \u2013 Jean-Michel BASQUIAT (1960-1988)"},"content":{"rendered":"<p>Vinyl record and cardboard sleeve, <\/p>\n<p>The cover was made by Jean-Michel Basquiat, it bears the mention cover: Jean-Michel Basquiat on the back.<br \/>\nFairly good condition. Some wear, creases in the upper left corner. Small cut in the upper right corner, indicating that the record was sold in a clearance sale in New York.<br \/>\nGood condition for the vinyl. Very rare.<\/p>\n<p>31 x 31 cm \u2013 12.2 in<\/p>\n<p>450\/500<\/p>","protected":false},"excerpt":{"rendered":"<p>Disque vinyl et pochette cartonn\u00e9e, La pochette a \u00e9t\u00e9 r\u00e9alis\u00e9e par Jean-Michel Basquiat, elle porte au dos la mention cover: Jean-Michel Basquiat. Assez bon \u00e9tat. Quelques usures d&rsquo;\u00e9tat, traces de [&hellip;]<\/p>\n","protected":false},"featured_media":13367,"comment_status":"open","ping_status":"closed","template":"","meta":{"_acf_changed":false},"product_brand":[],"product_cat":[15],"product_tag":[45],"class_list":{"0":"post-15776","1":"product","2":"type-product","3":"status-publish","4":"has-post-thumbnail","6":"product_cat-uncategorized","7":"product_tag-vente-2022-03-12","9":"first","10":"instock","11":"shipping-taxable","12":"purchasable","13":"product-type-simple"},"acf":[],"_links":{"self":[{"href":"https:\/\/www.louizaauktion.com\/en\/wp-json\/wp\/v2\/product\/15776","targetHints":{"allow":["GET"]}}],"collection":[{"href":"https:\/\/www.louizaauktion.com\/en\/wp-json\/wp\/v2\/product"}],"about":[{"href":"https:\/\/www.louizaauktion.com\/en\/wp-json\/wp\/v2\/types\/product"}],"replies":[{"embeddable":true,"href":"https:\/\/www.louizaauktion.com\/en\/wp-json\/wp\/v2\/comments?post=15776"}],"wp:featuredmedia":[{"embeddable":true,"href":"https:\/\/www.louizaauktion.com\/en\/wp-json\/wp\/v2\/media\/13367"}],"wp:attachment":[{"href":"https:\/\/www.louizaauktion.com\/en\/wp-json\/wp\/v2\/media?parent=15776"}],"wp:term":[{"taxonomy":"product_brand","embeddable":true,"href":"https:\/\/www.louizaauktion.com\/en\/wp-json\/wp\/v2\/product_brand?post=15776"},{"taxonomy":"product_cat","embeddable":true,"href":"https:\/\/www.louizaauktion.com\/en\/wp-json\/wp\/v2\/product_cat?post=15776"},{"taxonomy":"product_tag","embeddable":true,"href":"https:\/\/www.louizaauktion.com\/en\/wp-json\/wp\/v2\/product_tag?post=15776"}],"curies":[{"name":"wp","href":"https:\/\/api.w.org\/{rel}","templated":true}]}}