{"id":15771,"date":"2022-03-01T16:02:08","date_gmt":"2022-03-01T16:02:08","guid":{"rendered":"https:\/\/www.louizaauktion.com\/product\/lot-n227-andre-saraiva\/"},"modified":"2022-03-01T16:02:08","modified_gmt":"2022-03-01T16:02:08","slug":"lot-n227-andre-saraiva","status":"publish","type":"product","link":"https:\/\/www.louizaauktion.com\/en\/product\/lot-n227-andre-saraiva\/","title":{"rendered":"LOT N\u00b0227 \u2013 Andr\u00e9 SARAIVA"},"content":{"rendered":"<p>2020 Limited Edition Skateboard Screen Print, <\/p>\n<p>Signed and numbered 74\/75 by the artist,<br \/>\nRUN edition of 75 copies <\/p>\n<p>80 x 25 cm<\/p>\n<p>350\/400<\/p>","protected":false},"excerpt":{"rendered":"<p>S\u00e9rigraphie sur skateboard en \u00e9dition limit\u00e9e 2020, Sign\u00e9e et num\u00e9rot\u00e9e 74\/75 par l&rsquo;artiste, Edition RUN de 75 exemplaires 80 x 25 cm 350\/400<\/p>","protected":false},"featured_media":13360,"comment_status":"open","ping_status":"closed","template":"","meta":{"_acf_changed":false},"product_brand":[],"product_cat":[15],"product_tag":[45],"class_list":{"0":"post-15771","1":"product","2":"type-product","3":"status-publish","4":"has-post-thumbnail","6":"product_cat-uncategorized","7":"product_tag-vente-2022-03-12","9":"first","10":"instock","11":"shipping-taxable","12":"purchasable","13":"product-type-simple"},"acf":[],"_links":{"self":[{"href":"https:\/\/www.louizaauktion.com\/en\/wp-json\/wp\/v2\/product\/15771","targetHints":{"allow":["GET"]}}],"collection":[{"href":"https:\/\/www.louizaauktion.com\/en\/wp-json\/wp\/v2\/product"}],"about":[{"href":"https:\/\/www.louizaauktion.com\/en\/wp-json\/wp\/v2\/types\/product"}],"replies":[{"embeddable":true,"href":"https:\/\/www.louizaauktion.com\/en\/wp-json\/wp\/v2\/comments?post=15771"}],"wp:featuredmedia":[{"embeddable":true,"href":"https:\/\/www.louizaauktion.com\/en\/wp-json\/wp\/v2\/media\/13360"}],"wp:attachment":[{"href":"https:\/\/www.louizaauktion.com\/en\/wp-json\/wp\/v2\/media?parent=15771"}],"wp:term":[{"taxonomy":"product_brand","embeddable":true,"href":"https:\/\/www.louizaauktion.com\/en\/wp-json\/wp\/v2\/product_brand?post=15771"},{"taxonomy":"product_cat","embeddable":true,"href":"https:\/\/www.louizaauktion.com\/en\/wp-json\/wp\/v2\/product_cat?post=15771"},{"taxonomy":"product_tag","embeddable":true,"href":"https:\/\/www.louizaauktion.com\/en\/wp-json\/wp\/v2\/product_tag?post=15771"}],"curies":[{"name":"wp","href":"https:\/\/api.w.org\/{rel}","templated":true}]}}