{"id":15763,"date":"2022-03-01T16:02:07","date_gmt":"2022-03-01T16:02:07","guid":{"rendered":"https:\/\/www.louizaauktion.com\/product\/lot-n219-jonone-ne-en-1963\/"},"modified":"2022-03-01T16:02:07","modified_gmt":"2022-03-01T16:02:07","slug":"lot-n219-jonone-ne-en-1963","status":"publish","type":"product","link":"https:\/\/www.louizaauktion.com\/en\/product\/lot-n219-jonone-ne-en-1963\/","title":{"rendered":"LOT N\u00b0219 \u2013 JONONE (Born in 1963)"},"content":{"rendered":"<p>Box enhanced by hand by the artist, pigment ink on 300gr Fine Arts paper.<\/p>\n<p>Edition of 200 copies (ours 156\/200)<br \/>\nEach copy and unique includes, an enhanced box, a silkscreen and the book Poetry In motion.<br \/>\nSigned in the plate and numbered.<\/p>\n<p>22x26cm<\/p>\n<p>400\/500<\/p>","protected":false},"excerpt":{"rendered":"<p>Coffret rehauss\u00e9 \u00e0 la main par l&rsquo;artiste, encre pigmentaire sur papier Beaux-Arts 300gr. Edition de 200 exemplaires (le n\u00f4tre 156\/200) Chaque exemplaire et unique comprend, un coffret rehauss\u00e9, une s\u00e9rigraphie [&hellip;]<\/p>\n","protected":false},"featured_media":13348,"comment_status":"open","ping_status":"closed","template":"","meta":{"_acf_changed":false},"product_brand":[],"product_cat":[15],"product_tag":[45],"class_list":{"0":"post-15763","1":"product","2":"type-product","3":"status-publish","4":"has-post-thumbnail","6":"product_cat-uncategorized","7":"product_tag-vente-2022-03-12","9":"first","10":"instock","11":"shipping-taxable","12":"purchasable","13":"product-type-simple"},"acf":[],"_links":{"self":[{"href":"https:\/\/www.louizaauktion.com\/en\/wp-json\/wp\/v2\/product\/15763","targetHints":{"allow":["GET"]}}],"collection":[{"href":"https:\/\/www.louizaauktion.com\/en\/wp-json\/wp\/v2\/product"}],"about":[{"href":"https:\/\/www.louizaauktion.com\/en\/wp-json\/wp\/v2\/types\/product"}],"replies":[{"embeddable":true,"href":"https:\/\/www.louizaauktion.com\/en\/wp-json\/wp\/v2\/comments?post=15763"}],"wp:featuredmedia":[{"embeddable":true,"href":"https:\/\/www.louizaauktion.com\/en\/wp-json\/wp\/v2\/media\/13348"}],"wp:attachment":[{"href":"https:\/\/www.louizaauktion.com\/en\/wp-json\/wp\/v2\/media?parent=15763"}],"wp:term":[{"taxonomy":"product_brand","embeddable":true,"href":"https:\/\/www.louizaauktion.com\/en\/wp-json\/wp\/v2\/product_brand?post=15763"},{"taxonomy":"product_cat","embeddable":true,"href":"https:\/\/www.louizaauktion.com\/en\/wp-json\/wp\/v2\/product_cat?post=15763"},{"taxonomy":"product_tag","embeddable":true,"href":"https:\/\/www.louizaauktion.com\/en\/wp-json\/wp\/v2\/product_tag?post=15763"}],"curies":[{"name":"wp","href":"https:\/\/api.w.org\/{rel}","templated":true}]}}