{"id":15762,"date":"2022-03-01T16:02:06","date_gmt":"2022-03-01T16:02:06","guid":{"rendered":"https:\/\/www.louizaauktion.com\/product\/lot-n218-jonone-ne-en-1963\/"},"modified":"2022-03-01T16:02:06","modified_gmt":"2022-03-01T16:02:06","slug":"lot-n218-jonone-ne-en-1963","status":"publish","type":"product","link":"https:\/\/www.louizaauktion.com\/en\/product\/lot-n218-jonone-ne-en-1963\/","title":{"rendered":"LOT N\u00b0218 \u2013 JONONE (Born in 1963)"},"content":{"rendered":"<p>Color silkscreen on canvas <\/p>\n<p>Inspired by Eug\u00e8ne Delacroix&#039;s painting &quot;Liberty Leading the People&quot;, JonOne&#039;s work is a tribute to the founding of the Republic and democracy.<br \/>\nThe original canvas was painted by JonOne in 2015 for the French Parliament. It has been on display there ever since.<\/p>\n<p>Signed in the plate lower right. 2015<br \/>\n97 x 65cm<\/p>\n<p>A second version is attached.<br \/>\n45x30cm<\/p>\n<p>400\/600<\/p>","protected":false},"excerpt":{"rendered":"<p>S\u00e9rigraphie en couleur sur toile Oeuvre inspir\u00e9e du tableau d&rsquo;Eug\u00e8ne Delacroix \u00ab\u00a0La libert\u00e9 guidant le peuple\u00a0\u00bb, l&rsquo;\u0153uvre de JonOne est un hommage \u00e0 la fondation de la R\u00e9publique et de [&hellip;]<\/p>\n","protected":false},"featured_media":13346,"comment_status":"open","ping_status":"closed","template":"","meta":{"_acf_changed":false},"product_brand":[],"product_cat":[15],"product_tag":[45],"class_list":{"0":"post-15762","1":"product","2":"type-product","3":"status-publish","4":"has-post-thumbnail","6":"product_cat-uncategorized","7":"product_tag-vente-2022-03-12","9":"first","10":"instock","11":"shipping-taxable","12":"purchasable","13":"product-type-simple"},"acf":[],"_links":{"self":[{"href":"https:\/\/www.louizaauktion.com\/en\/wp-json\/wp\/v2\/product\/15762","targetHints":{"allow":["GET"]}}],"collection":[{"href":"https:\/\/www.louizaauktion.com\/en\/wp-json\/wp\/v2\/product"}],"about":[{"href":"https:\/\/www.louizaauktion.com\/en\/wp-json\/wp\/v2\/types\/product"}],"replies":[{"embeddable":true,"href":"https:\/\/www.louizaauktion.com\/en\/wp-json\/wp\/v2\/comments?post=15762"}],"wp:featuredmedia":[{"embeddable":true,"href":"https:\/\/www.louizaauktion.com\/en\/wp-json\/wp\/v2\/media\/13346"}],"wp:attachment":[{"href":"https:\/\/www.louizaauktion.com\/en\/wp-json\/wp\/v2\/media?parent=15762"}],"wp:term":[{"taxonomy":"product_brand","embeddable":true,"href":"https:\/\/www.louizaauktion.com\/en\/wp-json\/wp\/v2\/product_brand?post=15762"},{"taxonomy":"product_cat","embeddable":true,"href":"https:\/\/www.louizaauktion.com\/en\/wp-json\/wp\/v2\/product_cat?post=15762"},{"taxonomy":"product_tag","embeddable":true,"href":"https:\/\/www.louizaauktion.com\/en\/wp-json\/wp\/v2\/product_tag?post=15762"}],"curies":[{"name":"wp","href":"https:\/\/api.w.org\/{rel}","templated":true}]}}