{"id":15739,"date":"2022-03-01T16:02:03","date_gmt":"2022-03-01T16:02:03","guid":{"rendered":"https:\/\/www.louizaauktion.com\/product\/jlot-n195-eff-koons-dapres\/"},"modified":"2022-03-01T16:02:03","modified_gmt":"2022-03-01T16:02:03","slug":"jlot-n195-eff-koons-dapres","status":"publish","type":"product","link":"https:\/\/www.louizaauktion.com\/en\/product\/jlot-n195-eff-koons-dapres\/","title":{"rendered":"JLOT N\u00b0195 \u2013 eff KOONS , According to"},"content":{"rendered":"<p>Cold cast chrome resin sculpture<\/p>\n<p>Limited edition of 1000 copies (number engraved under the foot)<br \/>\nPublisher: Edition Studio<br \/>\nArtwork in their original box with COA<br \/>\nVery good state<\/p>\n<p>25 x 14 x 13.5 cm \u2013 Weight 1 kg<\/p>\n<p>300\/400<\/p>","protected":false},"excerpt":{"rendered":"<p>Sculpture en r\u00e9sine chrom\u00e9e coul\u00e9e \u00e0 froid Edition limit\u00e9e \u00e0 1000 ex (num\u00e9ro grav\u00e9 sous le pied) Editeur : Edition Studio Oeuvre dans leur bo\u00eete d\u2019origine avec COA Tr\u00e8s bon [&hellip;]<\/p>\n","protected":false},"featured_media":13320,"comment_status":"open","ping_status":"closed","template":"","meta":{"_acf_changed":false},"product_brand":[],"product_cat":[15],"product_tag":[45],"class_list":{"0":"post-15739","1":"product","2":"type-product","3":"status-publish","4":"has-post-thumbnail","6":"product_cat-uncategorized","7":"product_tag-vente-2022-03-12","9":"first","10":"instock","11":"shipping-taxable","12":"purchasable","13":"product-type-simple"},"acf":[],"_links":{"self":[{"href":"https:\/\/www.louizaauktion.com\/en\/wp-json\/wp\/v2\/product\/15739","targetHints":{"allow":["GET"]}}],"collection":[{"href":"https:\/\/www.louizaauktion.com\/en\/wp-json\/wp\/v2\/product"}],"about":[{"href":"https:\/\/www.louizaauktion.com\/en\/wp-json\/wp\/v2\/types\/product"}],"replies":[{"embeddable":true,"href":"https:\/\/www.louizaauktion.com\/en\/wp-json\/wp\/v2\/comments?post=15739"}],"wp:featuredmedia":[{"embeddable":true,"href":"https:\/\/www.louizaauktion.com\/en\/wp-json\/wp\/v2\/media\/13320"}],"wp:attachment":[{"href":"https:\/\/www.louizaauktion.com\/en\/wp-json\/wp\/v2\/media?parent=15739"}],"wp:term":[{"taxonomy":"product_brand","embeddable":true,"href":"https:\/\/www.louizaauktion.com\/en\/wp-json\/wp\/v2\/product_brand?post=15739"},{"taxonomy":"product_cat","embeddable":true,"href":"https:\/\/www.louizaauktion.com\/en\/wp-json\/wp\/v2\/product_cat?post=15739"},{"taxonomy":"product_tag","embeddable":true,"href":"https:\/\/www.louizaauktion.com\/en\/wp-json\/wp\/v2\/product_tag?post=15739"}],"curies":[{"name":"wp","href":"https:\/\/api.w.org\/{rel}","templated":true}]}}