{"id":15737,"date":"2022-03-01T16:02:02","date_gmt":"2022-03-01T16:02:02","guid":{"rendered":"https:\/\/www.louizaauktion.com\/product\/lot-n193-fin-dac-xx-xxi\/"},"modified":"2022-03-01T16:02:02","modified_gmt":"2022-03-01T16:02:02","slug":"lot-n193-fin-dac-xx-xxi","status":"publish","type":"product","link":"https:\/\/www.louizaauktion.com\/en\/product\/lot-n193-fin-dac-xx-xxi\/","title":{"rendered":"LOT N\u00b0193 \u2013 END DAC (XX-XXI)"},"content":{"rendered":"<p>color lithograph, <\/p>\n<p>Signed and numbered at 100 copies<\/p>\n<p>70x50cm<\/p>\n<p>500\/600<\/p>","protected":false},"excerpt":{"rendered":"<p>Lithographie en couleurs, Sign\u00e9e et num\u00e9rot\u00e9e \u00e0 100 exemplaires 70 x 50 cm 500\/600<\/p>","protected":false},"featured_media":13319,"comment_status":"open","ping_status":"closed","template":"","meta":{"_acf_changed":false},"product_brand":[],"product_cat":[15],"product_tag":[45],"class_list":{"0":"post-15737","1":"product","2":"type-product","3":"status-publish","4":"has-post-thumbnail","6":"product_cat-uncategorized","7":"product_tag-vente-2022-03-12","9":"first","10":"instock","11":"shipping-taxable","12":"purchasable","13":"product-type-simple"},"acf":[],"_links":{"self":[{"href":"https:\/\/www.louizaauktion.com\/en\/wp-json\/wp\/v2\/product\/15737","targetHints":{"allow":["GET"]}}],"collection":[{"href":"https:\/\/www.louizaauktion.com\/en\/wp-json\/wp\/v2\/product"}],"about":[{"href":"https:\/\/www.louizaauktion.com\/en\/wp-json\/wp\/v2\/types\/product"}],"replies":[{"embeddable":true,"href":"https:\/\/www.louizaauktion.com\/en\/wp-json\/wp\/v2\/comments?post=15737"}],"wp:featuredmedia":[{"embeddable":true,"href":"https:\/\/www.louizaauktion.com\/en\/wp-json\/wp\/v2\/media\/13319"}],"wp:attachment":[{"href":"https:\/\/www.louizaauktion.com\/en\/wp-json\/wp\/v2\/media?parent=15737"}],"wp:term":[{"taxonomy":"product_brand","embeddable":true,"href":"https:\/\/www.louizaauktion.com\/en\/wp-json\/wp\/v2\/product_brand?post=15737"},{"taxonomy":"product_cat","embeddable":true,"href":"https:\/\/www.louizaauktion.com\/en\/wp-json\/wp\/v2\/product_cat?post=15737"},{"taxonomy":"product_tag","embeddable":true,"href":"https:\/\/www.louizaauktion.com\/en\/wp-json\/wp\/v2\/product_tag?post=15737"}],"curies":[{"name":"wp","href":"https:\/\/api.w.org\/{rel}","templated":true}]}}