{"id":15735,"date":"2022-03-01T16:02:02","date_gmt":"2022-03-01T16:02:02","guid":{"rendered":"https:\/\/www.louizaauktion.com\/product\/lot-n191-richard-orlinski-ne-en-1966\/"},"modified":"2022-03-01T16:02:02","modified_gmt":"2022-03-01T16:02:02","slug":"lot-n191-richard-orlinski-ne-en-1966","status":"publish","type":"product","link":"https:\/\/www.louizaauktion.com\/en\/product\/lot-n191-richard-orlinski-ne-en-1966\/","title":{"rendered":"LOT N\u00b0191 \u2013 Richard ORLINSKI (Born in 1966)"},"content":{"rendered":"<p>Black crocodile in polyresin, collar and eyes in brushed steel. <\/p>\n<p>Signed and numbered in 8 copies.<\/p>\n<p>H: 42; L: 110; D: 46 cm<\/p>\n<p>6000\/7000<\/p>","protected":false},"excerpt":{"rendered":"<p>Crocodile noir en polyr\u00e9sine, collier et yeux en acier bross\u00e9. Sign\u00e9 et num\u00e9rot\u00e9 \u00e0 8 exemplaires. H : 42 ; L : 110 ; P : 46 cm 6000\/7000<\/p>","protected":false},"featured_media":0,"comment_status":"open","ping_status":"closed","template":"","meta":{"_acf_changed":false},"product_brand":[],"product_cat":[15],"product_tag":[45],"class_list":{"0":"post-15735","1":"product","2":"type-product","3":"status-publish","5":"product_cat-uncategorized","6":"product_tag-vente-2022-03-12","8":"first","9":"instock","10":"shipping-taxable","11":"purchasable","12":"product-type-simple"},"acf":[],"_links":{"self":[{"href":"https:\/\/www.louizaauktion.com\/en\/wp-json\/wp\/v2\/product\/15735","targetHints":{"allow":["GET"]}}],"collection":[{"href":"https:\/\/www.louizaauktion.com\/en\/wp-json\/wp\/v2\/product"}],"about":[{"href":"https:\/\/www.louizaauktion.com\/en\/wp-json\/wp\/v2\/types\/product"}],"replies":[{"embeddable":true,"href":"https:\/\/www.louizaauktion.com\/en\/wp-json\/wp\/v2\/comments?post=15735"}],"wp:attachment":[{"href":"https:\/\/www.louizaauktion.com\/en\/wp-json\/wp\/v2\/media?parent=15735"}],"wp:term":[{"taxonomy":"product_brand","embeddable":true,"href":"https:\/\/www.louizaauktion.com\/en\/wp-json\/wp\/v2\/product_brand?post=15735"},{"taxonomy":"product_cat","embeddable":true,"href":"https:\/\/www.louizaauktion.com\/en\/wp-json\/wp\/v2\/product_cat?post=15735"},{"taxonomy":"product_tag","embeddable":true,"href":"https:\/\/www.louizaauktion.com\/en\/wp-json\/wp\/v2\/product_tag?post=15735"}],"curies":[{"name":"wp","href":"https:\/\/api.w.org\/{rel}","templated":true}]}}