{"id":15729,"date":"2022-03-01T16:02:01","date_gmt":"2022-03-01T16:02:01","guid":{"rendered":"https:\/\/www.louizaauktion.com\/product\/lot-n185-richard-orlinski-ne-en-1966\/"},"modified":"2022-03-01T16:02:01","modified_gmt":"2022-03-01T16:02:01","slug":"lot-n185-richard-orlinski-ne-en-1966","status":"publish","type":"product","link":"https:\/\/www.louizaauktion.com\/en\/product\/lot-n185-richard-orlinski-ne-en-1966\/","title":{"rendered":"LOT N\u00b0185 \u2013 Richard ORLINSKI (Born in 1966)"},"content":{"rendered":"<p>Color screen printing <\/p>\n<p>Signed lower right<br \/>\nnumbered out of 1000 copies at the bottom left <\/p>\n<p>69 x 69 cm at sight<\/p>\n<p>300\/500<\/p>","protected":false},"excerpt":{"rendered":"<p>S\u00e9rigraphie en couleurs Sign\u00e9e en bas \u00e0 droite num\u00e9rot\u00e9e sur 1000 exemplaires en bas \u00e0 gauche 69 x 69 cm \u00e0 vue 300\/500<\/p>","protected":false},"featured_media":13307,"comment_status":"open","ping_status":"closed","template":"","meta":{"_acf_changed":false},"product_brand":[],"product_cat":[15],"product_tag":[45],"class_list":{"0":"post-15729","1":"product","2":"type-product","3":"status-publish","4":"has-post-thumbnail","6":"product_cat-uncategorized","7":"product_tag-vente-2022-03-12","9":"first","10":"instock","11":"shipping-taxable","12":"purchasable","13":"product-type-simple"},"acf":[],"_links":{"self":[{"href":"https:\/\/www.louizaauktion.com\/en\/wp-json\/wp\/v2\/product\/15729","targetHints":{"allow":["GET"]}}],"collection":[{"href":"https:\/\/www.louizaauktion.com\/en\/wp-json\/wp\/v2\/product"}],"about":[{"href":"https:\/\/www.louizaauktion.com\/en\/wp-json\/wp\/v2\/types\/product"}],"replies":[{"embeddable":true,"href":"https:\/\/www.louizaauktion.com\/en\/wp-json\/wp\/v2\/comments?post=15729"}],"wp:featuredmedia":[{"embeddable":true,"href":"https:\/\/www.louizaauktion.com\/en\/wp-json\/wp\/v2\/media\/13307"}],"wp:attachment":[{"href":"https:\/\/www.louizaauktion.com\/en\/wp-json\/wp\/v2\/media?parent=15729"}],"wp:term":[{"taxonomy":"product_brand","embeddable":true,"href":"https:\/\/www.louizaauktion.com\/en\/wp-json\/wp\/v2\/product_brand?post=15729"},{"taxonomy":"product_cat","embeddable":true,"href":"https:\/\/www.louizaauktion.com\/en\/wp-json\/wp\/v2\/product_cat?post=15729"},{"taxonomy":"product_tag","embeddable":true,"href":"https:\/\/www.louizaauktion.com\/en\/wp-json\/wp\/v2\/product_tag?post=15729"}],"curies":[{"name":"wp","href":"https:\/\/api.w.org\/{rel}","templated":true}]}}