{"id":15710,"date":"2022-03-01T16:01:58","date_gmt":"2022-03-01T16:01:58","guid":{"rendered":"https:\/\/www.louizaauktion.com\/product\/lot-n166-andy-warhol-1928-1987\/"},"modified":"2022-03-01T16:01:58","modified_gmt":"2022-03-01T16:01:58","slug":"lot-n166-andy-warhol-1928-1987","status":"publish","type":"product","link":"https:\/\/www.louizaauktion.com\/en\/product\/lot-n166-andy-warhol-1928-1987\/","title":{"rendered":"LOT NO. 166 \u2013 Andy WARHOL (1928-1987)"},"content":{"rendered":"<p>magazine created by Andy Warhol in 1969<\/p>\n<p>Cover with Catherine Oxenberg, signed in feltpen by the artist<br \/>\nVery good state of conservation<\/p>\n<p>High. : 43.2 cm \u2013 Width. : 28 cm (at sight)<\/p>\n<p>300\/400<\/p>","protected":false},"excerpt":{"rendered":"<p>magazine cr\u00e9\u00e9 par Andy Warhol en 1969 Cover avec Catherine Oxenberg , sign\u00e9e au feutre par l\u2019artiste Tr\u00e8s bon \u00e9tat de conservation Haut. : 43,2 cm &#8211; Larg. : 28 [&hellip;]<\/p>\n","protected":false},"featured_media":13279,"comment_status":"open","ping_status":"closed","template":"","meta":{"_acf_changed":false},"product_brand":[],"product_cat":[15],"product_tag":[45],"class_list":{"0":"post-15710","1":"product","2":"type-product","3":"status-publish","4":"has-post-thumbnail","6":"product_cat-uncategorized","7":"product_tag-vente-2022-03-12","9":"first","10":"instock","11":"shipping-taxable","12":"purchasable","13":"product-type-simple"},"acf":[],"_links":{"self":[{"href":"https:\/\/www.louizaauktion.com\/en\/wp-json\/wp\/v2\/product\/15710","targetHints":{"allow":["GET"]}}],"collection":[{"href":"https:\/\/www.louizaauktion.com\/en\/wp-json\/wp\/v2\/product"}],"about":[{"href":"https:\/\/www.louizaauktion.com\/en\/wp-json\/wp\/v2\/types\/product"}],"replies":[{"embeddable":true,"href":"https:\/\/www.louizaauktion.com\/en\/wp-json\/wp\/v2\/comments?post=15710"}],"wp:featuredmedia":[{"embeddable":true,"href":"https:\/\/www.louizaauktion.com\/en\/wp-json\/wp\/v2\/media\/13279"}],"wp:attachment":[{"href":"https:\/\/www.louizaauktion.com\/en\/wp-json\/wp\/v2\/media?parent=15710"}],"wp:term":[{"taxonomy":"product_brand","embeddable":true,"href":"https:\/\/www.louizaauktion.com\/en\/wp-json\/wp\/v2\/product_brand?post=15710"},{"taxonomy":"product_cat","embeddable":true,"href":"https:\/\/www.louizaauktion.com\/en\/wp-json\/wp\/v2\/product_cat?post=15710"},{"taxonomy":"product_tag","embeddable":true,"href":"https:\/\/www.louizaauktion.com\/en\/wp-json\/wp\/v2\/product_tag?post=15710"}],"curies":[{"name":"wp","href":"https:\/\/api.w.org\/{rel}","templated":true}]}}