{"id":15708,"date":"2022-03-01T16:01:57","date_gmt":"2022-03-01T16:01:57","guid":{"rendered":"https:\/\/www.louizaauktion.com\/product\/lot-n164-jr-ne-en-1983\/"},"modified":"2022-03-01T16:01:57","modified_gmt":"2022-03-01T16:01:57","slug":"lot-n164-jr-ne-en-1983","status":"publish","type":"product","link":"https:\/\/www.louizaauktion.com\/en\/product\/lot-n164-jr-ne-en-1983\/","title":{"rendered":"LOT N\u00b0164 \u2013 JR (Born in 1983)"},"content":{"rendered":"<p>Black and white screenprint from a book, signed and dedicated &quot;Pour Constant&quot;<\/p>\n<p>Note: Work consisting of two assembled book pages.<\/p>\n<p>27.5 x 44cm<\/p>\n<p>300\/500<\/p>","protected":false},"excerpt":{"rendered":"<p>S\u00e9rigraphie noir et blanc tir\u00e9e d\u2019un ouvrage, sign\u00e9e et d\u00e9dicac\u00e9e \u00ab Pour Constant \u00bb Note : \u0152uvre constitu\u00e9e de deux pages de livre assembl\u00e9es. 27.5 x 44 cm 300\/500<\/p>","protected":false},"featured_media":13277,"comment_status":"open","ping_status":"closed","template":"","meta":{"_acf_changed":false},"product_brand":[],"product_cat":[15],"product_tag":[45],"class_list":{"0":"post-15708","1":"product","2":"type-product","3":"status-publish","4":"has-post-thumbnail","6":"product_cat-uncategorized","7":"product_tag-vente-2022-03-12","9":"first","10":"instock","11":"shipping-taxable","12":"purchasable","13":"product-type-simple"},"acf":[],"_links":{"self":[{"href":"https:\/\/www.louizaauktion.com\/en\/wp-json\/wp\/v2\/product\/15708","targetHints":{"allow":["GET"]}}],"collection":[{"href":"https:\/\/www.louizaauktion.com\/en\/wp-json\/wp\/v2\/product"}],"about":[{"href":"https:\/\/www.louizaauktion.com\/en\/wp-json\/wp\/v2\/types\/product"}],"replies":[{"embeddable":true,"href":"https:\/\/www.louizaauktion.com\/en\/wp-json\/wp\/v2\/comments?post=15708"}],"wp:featuredmedia":[{"embeddable":true,"href":"https:\/\/www.louizaauktion.com\/en\/wp-json\/wp\/v2\/media\/13277"}],"wp:attachment":[{"href":"https:\/\/www.louizaauktion.com\/en\/wp-json\/wp\/v2\/media?parent=15708"}],"wp:term":[{"taxonomy":"product_brand","embeddable":true,"href":"https:\/\/www.louizaauktion.com\/en\/wp-json\/wp\/v2\/product_brand?post=15708"},{"taxonomy":"product_cat","embeddable":true,"href":"https:\/\/www.louizaauktion.com\/en\/wp-json\/wp\/v2\/product_cat?post=15708"},{"taxonomy":"product_tag","embeddable":true,"href":"https:\/\/www.louizaauktion.com\/en\/wp-json\/wp\/v2\/product_tag?post=15708"}],"curies":[{"name":"wp","href":"https:\/\/api.w.org\/{rel}","templated":true}]}}