{"id":15707,"date":"2022-03-01T16:01:57","date_gmt":"2022-03-01T16:01:57","guid":{"rendered":"https:\/\/www.louizaauktion.com\/product\/lot-n163-banksy-dismaland\/"},"modified":"2022-03-01T16:01:57","modified_gmt":"2022-03-01T16:01:57","slug":"lot-n163-banksy-dismaland","status":"publish","type":"product","link":"https:\/\/www.louizaauktion.com\/en\/product\/lot-n163-banksy-dismaland\/","title":{"rendered":"LOT N\u00b0163 \u2013 BANKSY DISMALAND"},"content":{"rendered":"<p>Figurine <\/p>\n<p>Inspired by the stencil depicting two British police officers kissing, unveiled on the wall of The Prince Albert pub in Brighton in 2004.<br \/>\nPublished by Mighty Jaxx, 2019.<br \/>\nSold in its original box with COA.<\/p>\n<p>Height: 25cm<\/p>\n<p>700\/900<\/p>","protected":false},"excerpt":{"rendered":"<p>Figurine Inspir\u00e9e du pochoir repr\u00e9sentant deux policiers britanniques s&#8217;embrassant, d\u00e9voil\u00e9 sur le mur du pub The Prince Albert \u00e0 Brighton en 2004. Publi\u00e9 par Puissant Jaxx, 2019. Vendu dans sa [&hellip;]<\/p>\n","protected":false},"featured_media":13276,"comment_status":"open","ping_status":"closed","template":"","meta":{"_acf_changed":false},"product_brand":[],"product_cat":[15],"product_tag":[45],"class_list":{"0":"post-15707","1":"product","2":"type-product","3":"status-publish","4":"has-post-thumbnail","6":"product_cat-uncategorized","7":"product_tag-vente-2022-03-12","9":"first","10":"instock","11":"shipping-taxable","12":"purchasable","13":"product-type-simple"},"acf":[],"_links":{"self":[{"href":"https:\/\/www.louizaauktion.com\/en\/wp-json\/wp\/v2\/product\/15707","targetHints":{"allow":["GET"]}}],"collection":[{"href":"https:\/\/www.louizaauktion.com\/en\/wp-json\/wp\/v2\/product"}],"about":[{"href":"https:\/\/www.louizaauktion.com\/en\/wp-json\/wp\/v2\/types\/product"}],"replies":[{"embeddable":true,"href":"https:\/\/www.louizaauktion.com\/en\/wp-json\/wp\/v2\/comments?post=15707"}],"wp:featuredmedia":[{"embeddable":true,"href":"https:\/\/www.louizaauktion.com\/en\/wp-json\/wp\/v2\/media\/13276"}],"wp:attachment":[{"href":"https:\/\/www.louizaauktion.com\/en\/wp-json\/wp\/v2\/media?parent=15707"}],"wp:term":[{"taxonomy":"product_brand","embeddable":true,"href":"https:\/\/www.louizaauktion.com\/en\/wp-json\/wp\/v2\/product_brand?post=15707"},{"taxonomy":"product_cat","embeddable":true,"href":"https:\/\/www.louizaauktion.com\/en\/wp-json\/wp\/v2\/product_cat?post=15707"},{"taxonomy":"product_tag","embeddable":true,"href":"https:\/\/www.louizaauktion.com\/en\/wp-json\/wp\/v2\/product_tag?post=15707"}],"curies":[{"name":"wp","href":"https:\/\/api.w.org\/{rel}","templated":true}]}}