{"id":15703,"date":"2022-03-01T16:01:56","date_gmt":"2022-03-01T16:01:56","guid":{"rendered":"https:\/\/www.louizaauktion.com\/product\/lot-n159-banksy-dismaland\/"},"modified":"2022-03-01T16:01:56","modified_gmt":"2022-03-01T16:01:56","slug":"lot-n159-banksy-dismaland","status":"publish","type":"product","link":"https:\/\/www.louizaauktion.com\/en\/product\/lot-n159-banksy-dismaland\/","title":{"rendered":"LOT N\u00b0159 \u2013 BANKSY DISMALAND"},"content":{"rendered":"<p>Spray paint and stencil on cardboard, signed and numbered in 25 copies.<\/p>\n<p>Free stencil spray paint art scattered throughout Banksy&#039;s theme park &#039;Dismaland&#039; which ran for two months from August to September 2015.<br \/>\nDuring the exhibition period, Dismaland organized a Free Art where they hide the artwork in various places and you can take it home with you. (Some damage on the cardboard is the cause.) Comes with original entrance ticket and Dismaland Map. <\/p>\n<p>Dimensions approximately 30 x 22 cm<\/p>\n<p>500\/600<\/p>","protected":false},"excerpt":{"rendered":"<p>Bombe a\u00e9rosol et pochoir sur carton, sign\u00e9 et num\u00e9rot\u00e9 \u00e0 25 exemplaires. Art gratuit de la peinture en a\u00e9rosol au pochoir sem\u00e9 au parc \u00e0 th\u00e8me de Banksy \u00ab\u00a0Dismaland\u00a0\u00bb qui [&hellip;]<\/p>\n","protected":false},"featured_media":13267,"comment_status":"open","ping_status":"closed","template":"","meta":{"_acf_changed":false},"product_brand":[],"product_cat":[15],"product_tag":[45],"class_list":{"0":"post-15703","1":"product","2":"type-product","3":"status-publish","4":"has-post-thumbnail","6":"product_cat-uncategorized","7":"product_tag-vente-2022-03-12","9":"first","10":"instock","11":"shipping-taxable","12":"purchasable","13":"product-type-simple"},"acf":[],"_links":{"self":[{"href":"https:\/\/www.louizaauktion.com\/en\/wp-json\/wp\/v2\/product\/15703","targetHints":{"allow":["GET"]}}],"collection":[{"href":"https:\/\/www.louizaauktion.com\/en\/wp-json\/wp\/v2\/product"}],"about":[{"href":"https:\/\/www.louizaauktion.com\/en\/wp-json\/wp\/v2\/types\/product"}],"replies":[{"embeddable":true,"href":"https:\/\/www.louizaauktion.com\/en\/wp-json\/wp\/v2\/comments?post=15703"}],"wp:featuredmedia":[{"embeddable":true,"href":"https:\/\/www.louizaauktion.com\/en\/wp-json\/wp\/v2\/media\/13267"}],"wp:attachment":[{"href":"https:\/\/www.louizaauktion.com\/en\/wp-json\/wp\/v2\/media?parent=15703"}],"wp:term":[{"taxonomy":"product_brand","embeddable":true,"href":"https:\/\/www.louizaauktion.com\/en\/wp-json\/wp\/v2\/product_brand?post=15703"},{"taxonomy":"product_cat","embeddable":true,"href":"https:\/\/www.louizaauktion.com\/en\/wp-json\/wp\/v2\/product_cat?post=15703"},{"taxonomy":"product_tag","embeddable":true,"href":"https:\/\/www.louizaauktion.com\/en\/wp-json\/wp\/v2\/product_tag?post=15703"}],"curies":[{"name":"wp","href":"https:\/\/api.w.org\/{rel}","templated":true}]}}