{"id":15701,"date":"2022-03-01T16:01:56","date_gmt":"2022-03-01T16:01:56","guid":{"rendered":"https:\/\/www.louizaauktion.com\/product\/lot-n157-banksy-ne-en-1974-dapres\/"},"modified":"2022-03-01T16:01:56","modified_gmt":"2022-03-01T16:01:56","slug":"lot-n157-banksy-ne-en-1974-dapres","status":"publish","type":"product","link":"https:\/\/www.louizaauktion.com\/en\/product\/lot-n157-banksy-ne-en-1974-dapres\/","title":{"rendered":"LOT N\u00b0157 \u2013 BANKSY (born in 1974) (after)"},"content":{"rendered":"<p>Bomb stencil on cardboard used by protesters against the war in Iraq on February 5, 2003 in London. Demonstration stickers.<\/p>\n<p>Always bears the label of the event authenticating this medium.<br \/>\nPest Control does not issue a certificate for these works that were not intended for sale<\/p>\n<p>100x70cm <\/p>\n<p>3000\/4000<\/p>","protected":false},"excerpt":{"rendered":"<p>Pochoir \u00e0 la bombe sur carton utilis\u00e9e par des manifestants contre la guerre en Irak le 5 fevrier 2003 \u00e0 Londres. Stickers de la manifestation. Porte toujours l\u2019\u00e9tiquette de la [&hellip;]<\/p>\n","protected":false},"featured_media":13263,"comment_status":"open","ping_status":"closed","template":"","meta":{"_acf_changed":false},"product_brand":[],"product_cat":[15],"product_tag":[45],"class_list":{"0":"post-15701","1":"product","2":"type-product","3":"status-publish","4":"has-post-thumbnail","6":"product_cat-uncategorized","7":"product_tag-vente-2022-03-12","9":"first","10":"instock","11":"shipping-taxable","12":"purchasable","13":"product-type-simple"},"acf":[],"_links":{"self":[{"href":"https:\/\/www.louizaauktion.com\/en\/wp-json\/wp\/v2\/product\/15701","targetHints":{"allow":["GET"]}}],"collection":[{"href":"https:\/\/www.louizaauktion.com\/en\/wp-json\/wp\/v2\/product"}],"about":[{"href":"https:\/\/www.louizaauktion.com\/en\/wp-json\/wp\/v2\/types\/product"}],"replies":[{"embeddable":true,"href":"https:\/\/www.louizaauktion.com\/en\/wp-json\/wp\/v2\/comments?post=15701"}],"wp:featuredmedia":[{"embeddable":true,"href":"https:\/\/www.louizaauktion.com\/en\/wp-json\/wp\/v2\/media\/13263"}],"wp:attachment":[{"href":"https:\/\/www.louizaauktion.com\/en\/wp-json\/wp\/v2\/media?parent=15701"}],"wp:term":[{"taxonomy":"product_brand","embeddable":true,"href":"https:\/\/www.louizaauktion.com\/en\/wp-json\/wp\/v2\/product_brand?post=15701"},{"taxonomy":"product_cat","embeddable":true,"href":"https:\/\/www.louizaauktion.com\/en\/wp-json\/wp\/v2\/product_cat?post=15701"},{"taxonomy":"product_tag","embeddable":true,"href":"https:\/\/www.louizaauktion.com\/en\/wp-json\/wp\/v2\/product_tag?post=15701"}],"curies":[{"name":"wp","href":"https:\/\/api.w.org\/{rel}","templated":true}]}}