{"id":15691,"date":"2022-03-01T16:01:54","date_gmt":"2022-03-01T16:01:54","guid":{"rendered":"https:\/\/www.louizaauktion.com\/product\/lot-n147-banksy-anglais-ne-en-1974-dapres\/"},"modified":"2022-03-01T16:01:54","modified_gmt":"2022-03-01T16:01:54","slug":"lot-n147-banksy-anglais-ne-en-1974-dapres","status":"publish","type":"product","link":"https:\/\/www.louizaauktion.com\/en\/product\/lot-n147-banksy-anglais-ne-en-1974-dapres\/","title":{"rendered":"LOT N\u00b0147 \u2013 BANKSY (English \u2013 Born in 1974 (after)"},"content":{"rendered":"<p>Composition of a monochrome print on paper and a piece of graffitied concrete<\/p>\n<p>Framed under glass.<br \/>\nLimited edition, numbered on the back #1020<br \/>\n2017.<br \/>\nSold with stamped invoice &quot;The Walled Off Hotel&quot; dated 19.07.2018<\/p>\n<p>Dimensions: H: 27; L: 27cm<\/p>\n<p>500\/800<\/p>","protected":false},"excerpt":{"rendered":"<p>Composition d&rsquo;une impression monochrome sur papier et morceau de b\u00e9ton graff\u00e9 Encadr\u00e9e sous verre. \u00c9dition limit\u00e9e, num\u00e9rot\u00e9e au dos #1020 2017. Vendu avec l\u2019invoice tamponn\u00e9e \u00ab The Walled Off Hotel [&hellip;]<\/p>\n","protected":false},"featured_media":13249,"comment_status":"open","ping_status":"closed","template":"","meta":{"_acf_changed":false},"product_brand":[],"product_cat":[15],"product_tag":[45],"class_list":{"0":"post-15691","1":"product","2":"type-product","3":"status-publish","4":"has-post-thumbnail","6":"product_cat-uncategorized","7":"product_tag-vente-2022-03-12","9":"first","10":"instock","11":"shipping-taxable","12":"purchasable","13":"product-type-simple"},"acf":[],"_links":{"self":[{"href":"https:\/\/www.louizaauktion.com\/en\/wp-json\/wp\/v2\/product\/15691","targetHints":{"allow":["GET"]}}],"collection":[{"href":"https:\/\/www.louizaauktion.com\/en\/wp-json\/wp\/v2\/product"}],"about":[{"href":"https:\/\/www.louizaauktion.com\/en\/wp-json\/wp\/v2\/types\/product"}],"replies":[{"embeddable":true,"href":"https:\/\/www.louizaauktion.com\/en\/wp-json\/wp\/v2\/comments?post=15691"}],"wp:featuredmedia":[{"embeddable":true,"href":"https:\/\/www.louizaauktion.com\/en\/wp-json\/wp\/v2\/media\/13249"}],"wp:attachment":[{"href":"https:\/\/www.louizaauktion.com\/en\/wp-json\/wp\/v2\/media?parent=15691"}],"wp:term":[{"taxonomy":"product_brand","embeddable":true,"href":"https:\/\/www.louizaauktion.com\/en\/wp-json\/wp\/v2\/product_brand?post=15691"},{"taxonomy":"product_cat","embeddable":true,"href":"https:\/\/www.louizaauktion.com\/en\/wp-json\/wp\/v2\/product_cat?post=15691"},{"taxonomy":"product_tag","embeddable":true,"href":"https:\/\/www.louizaauktion.com\/en\/wp-json\/wp\/v2\/product_tag?post=15691"}],"curies":[{"name":"wp","href":"https:\/\/api.w.org\/{rel}","templated":true}]}}