{"id":15690,"date":"2022-03-01T16:01:54","date_gmt":"2022-03-01T16:01:54","guid":{"rendered":"https:\/\/www.louizaauktion.com\/product\/lot-n146-banksy-anglais-ne-en-1974-dapres\/"},"modified":"2022-03-01T16:01:54","modified_gmt":"2022-03-01T16:01:54","slug":"lot-n146-banksy-anglais-ne-en-1974-dapres","status":"publish","type":"product","link":"https:\/\/www.louizaauktion.com\/en\/product\/lot-n146-banksy-anglais-ne-en-1974-dapres\/","title":{"rendered":"LOT N\u00b0146 \u2013 BANKSY (English \u2013 Born in 1974 (after)"},"content":{"rendered":"<p>Offset print on paper, framed under glass<\/p>\n<p>It depicts members of parliament in the UK House of Commons in the form of chimpanzees. At 2.50 m high and 4.20 m wide without its frame, it is Banksy&#039;s largest canvas work.<br \/>\nEstimated at just over \u20ac2 million, the painting was sold in October 2019 in London at an auction by Sotheby&#039;s for \u20ac11.1 million, setting a new record for a work by the artist whose last work was sold for \u20ac1.7 million in 2008 in New York.<\/p>\n<p>Dimensions with frame: H: 66; W: 97cm.<\/p>\n<p>1000\/1200<\/p>","protected":false},"excerpt":{"rendered":"<p>Impression Offset sur papier, encadr\u00e9e sous verre Il repr\u00e9sente des parlementaires \u00e0 la Chambre des communes du Royaume-Uni sous la forme de chimpanz\u00e9s. Avec ses 2,50 de haut et 4,20 [&hellip;]<\/p>\n","protected":false},"featured_media":13248,"comment_status":"open","ping_status":"closed","template":"","meta":{"_acf_changed":false},"product_brand":[],"product_cat":[15],"product_tag":[45],"class_list":{"0":"post-15690","1":"product","2":"type-product","3":"status-publish","4":"has-post-thumbnail","6":"product_cat-uncategorized","7":"product_tag-vente-2022-03-12","9":"first","10":"instock","11":"shipping-taxable","12":"purchasable","13":"product-type-simple"},"acf":[],"_links":{"self":[{"href":"https:\/\/www.louizaauktion.com\/en\/wp-json\/wp\/v2\/product\/15690","targetHints":{"allow":["GET"]}}],"collection":[{"href":"https:\/\/www.louizaauktion.com\/en\/wp-json\/wp\/v2\/product"}],"about":[{"href":"https:\/\/www.louizaauktion.com\/en\/wp-json\/wp\/v2\/types\/product"}],"replies":[{"embeddable":true,"href":"https:\/\/www.louizaauktion.com\/en\/wp-json\/wp\/v2\/comments?post=15690"}],"wp:featuredmedia":[{"embeddable":true,"href":"https:\/\/www.louizaauktion.com\/en\/wp-json\/wp\/v2\/media\/13248"}],"wp:attachment":[{"href":"https:\/\/www.louizaauktion.com\/en\/wp-json\/wp\/v2\/media?parent=15690"}],"wp:term":[{"taxonomy":"product_brand","embeddable":true,"href":"https:\/\/www.louizaauktion.com\/en\/wp-json\/wp\/v2\/product_brand?post=15690"},{"taxonomy":"product_cat","embeddable":true,"href":"https:\/\/www.louizaauktion.com\/en\/wp-json\/wp\/v2\/product_cat?post=15690"},{"taxonomy":"product_tag","embeddable":true,"href":"https:\/\/www.louizaauktion.com\/en\/wp-json\/wp\/v2\/product_tag?post=15690"}],"curies":[{"name":"wp","href":"https:\/\/api.w.org\/{rel}","templated":true}]}}