{"id":15689,"date":"2022-03-01T16:01:54","date_gmt":"2022-03-01T16:01:54","guid":{"rendered":"https:\/\/www.louizaauktion.com\/product\/lot-n145-banksy-anglais-ne-en-1974-dapres\/"},"modified":"2022-03-01T16:01:54","modified_gmt":"2022-03-01T16:01:54","slug":"lot-n145-banksy-anglais-ne-en-1974-dapres","status":"publish","type":"product","link":"https:\/\/www.louizaauktion.com\/en\/product\/lot-n145-banksy-anglais-ne-en-1974-dapres\/","title":{"rendered":"LOT N\u00b0145 \u2013 BANKSY (English \u2013 Born in 1974 (after)"},"content":{"rendered":"<p>screen printing<\/p>\n<p>Produced exclusively for the UK in 2000 by Banksy, in a limited edition of 500 pieces to promote his vinyl &quot;We love you... so Love us&quot; (and his Wall of sound label)<br \/>\nFramed under glass. Not numbered.<\/p>\n<p>Dimensions: H: 42.5; W: 42.5cm<\/p>\n<p>250\/300<\/p>","protected":false},"excerpt":{"rendered":"<p>S\u00e9rigraphie Produite exclusivement pour le Royaume-Uni en 2000 par Banksy, en \u00e9dition limit\u00e9e de 500 pi\u00e8ces pour promouvoir son vinyle \u00ab\u00a0We love you&#8230; so Love us\u00a0\u00bb (et son label Wall [&hellip;]<\/p>\n","protected":false},"featured_media":13247,"comment_status":"open","ping_status":"closed","template":"","meta":{"_acf_changed":false},"product_brand":[],"product_cat":[15],"product_tag":[45],"class_list":{"0":"post-15689","1":"product","2":"type-product","3":"status-publish","4":"has-post-thumbnail","6":"product_cat-uncategorized","7":"product_tag-vente-2022-03-12","9":"first","10":"instock","11":"shipping-taxable","12":"purchasable","13":"product-type-simple"},"acf":[],"_links":{"self":[{"href":"https:\/\/www.louizaauktion.com\/en\/wp-json\/wp\/v2\/product\/15689","targetHints":{"allow":["GET"]}}],"collection":[{"href":"https:\/\/www.louizaauktion.com\/en\/wp-json\/wp\/v2\/product"}],"about":[{"href":"https:\/\/www.louizaauktion.com\/en\/wp-json\/wp\/v2\/types\/product"}],"replies":[{"embeddable":true,"href":"https:\/\/www.louizaauktion.com\/en\/wp-json\/wp\/v2\/comments?post=15689"}],"wp:featuredmedia":[{"embeddable":true,"href":"https:\/\/www.louizaauktion.com\/en\/wp-json\/wp\/v2\/media\/13247"}],"wp:attachment":[{"href":"https:\/\/www.louizaauktion.com\/en\/wp-json\/wp\/v2\/media?parent=15689"}],"wp:term":[{"taxonomy":"product_brand","embeddable":true,"href":"https:\/\/www.louizaauktion.com\/en\/wp-json\/wp\/v2\/product_brand?post=15689"},{"taxonomy":"product_cat","embeddable":true,"href":"https:\/\/www.louizaauktion.com\/en\/wp-json\/wp\/v2\/product_cat?post=15689"},{"taxonomy":"product_tag","embeddable":true,"href":"https:\/\/www.louizaauktion.com\/en\/wp-json\/wp\/v2\/product_tag?post=15689"}],"curies":[{"name":"wp","href":"https:\/\/api.w.org\/{rel}","templated":true}]}}