{"id":15687,"date":"2022-03-01T16:01:54","date_gmt":"2022-03-01T16:01:54","guid":{"rendered":"https:\/\/www.louizaauktion.com\/product\/lot-n143-banksy-anglais-ne-en-1974-dapres\/"},"modified":"2022-03-01T16:01:54","modified_gmt":"2022-03-01T16:01:54","slug":"lot-n143-banksy-anglais-ne-en-1974-dapres","status":"publish","type":"product","link":"https:\/\/www.louizaauktion.com\/en\/product\/lot-n143-banksy-anglais-ne-en-1974-dapres\/","title":{"rendered":"LOT N\u00b0143 \u2013 BANKSY (English \u2013 Born in 1974) (after)"},"content":{"rendered":"<p>Offset print made to promote the BBC documentary, &#039;Alternativity&#039;. <\/p>\n<p>Edition: Limited edition of Banksy, only a few were given to journalists (journalist, writer and producer) in Bethlehem.<br \/>\nSigned in the plate.<\/p>\n<p>49.5 x 49.5cm <\/p>\n<p>400\/600<\/p>","protected":false},"excerpt":{"rendered":"<p>Impression offset r\u00e9alis\u00e9 pour promouvoir le documentaire de la BBC, \u00ab\u00a0L&rsquo;Alternativit\u00e9\u00a0\u00bb. \u00c9dition: Tirage limit\u00e9 de Banksy, seuls quelques-uns ont \u00e9t\u00e9 remis aux journalistes (journaliste, \u00e9crivain et producteur) \u00e0 Bethlehem. Sign\u00e9 [&hellip;]<\/p>\n","protected":false},"featured_media":13244,"comment_status":"open","ping_status":"closed","template":"","meta":{"_acf_changed":false},"product_brand":[],"product_cat":[15],"product_tag":[45],"class_list":{"0":"post-15687","1":"product","2":"type-product","3":"status-publish","4":"has-post-thumbnail","6":"product_cat-uncategorized","7":"product_tag-vente-2022-03-12","9":"first","10":"instock","11":"shipping-taxable","12":"purchasable","13":"product-type-simple"},"acf":[],"_links":{"self":[{"href":"https:\/\/www.louizaauktion.com\/en\/wp-json\/wp\/v2\/product\/15687","targetHints":{"allow":["GET"]}}],"collection":[{"href":"https:\/\/www.louizaauktion.com\/en\/wp-json\/wp\/v2\/product"}],"about":[{"href":"https:\/\/www.louizaauktion.com\/en\/wp-json\/wp\/v2\/types\/product"}],"replies":[{"embeddable":true,"href":"https:\/\/www.louizaauktion.com\/en\/wp-json\/wp\/v2\/comments?post=15687"}],"wp:featuredmedia":[{"embeddable":true,"href":"https:\/\/www.louizaauktion.com\/en\/wp-json\/wp\/v2\/media\/13244"}],"wp:attachment":[{"href":"https:\/\/www.louizaauktion.com\/en\/wp-json\/wp\/v2\/media?parent=15687"}],"wp:term":[{"taxonomy":"product_brand","embeddable":true,"href":"https:\/\/www.louizaauktion.com\/en\/wp-json\/wp\/v2\/product_brand?post=15687"},{"taxonomy":"product_cat","embeddable":true,"href":"https:\/\/www.louizaauktion.com\/en\/wp-json\/wp\/v2\/product_cat?post=15687"},{"taxonomy":"product_tag","embeddable":true,"href":"https:\/\/www.louizaauktion.com\/en\/wp-json\/wp\/v2\/product_tag?post=15687"}],"curies":[{"name":"wp","href":"https:\/\/api.w.org\/{rel}","templated":true}]}}