{"id":15684,"date":"2022-03-01T16:01:53","date_gmt":"2022-03-01T16:01:53","guid":{"rendered":"https:\/\/www.louizaauktion.com\/product\/lot-n140-j-r-francais-ne-en-1983\/"},"modified":"2022-03-01T16:01:53","modified_gmt":"2022-03-01T16:01:53","slug":"lot-n140-j-r-francais-ne-en-1983","status":"publish","type":"product","link":"https:\/\/www.louizaauktion.com\/en\/product\/lot-n140-j-r-francais-ne-en-1983\/","title":{"rendered":"LOT N\u00b0140 \u2013 JR (French \u2013 Born in 1983)"},"content":{"rendered":"<p>offset printing<\/p>\n<p>Signed, dated and dedicated in pencil by the artist &quot;Pour Speedy&quot;<\/p>\n<p>28.8 x 20.8cm<\/p>\n<p>500\/600<\/p>","protected":false},"excerpt":{"rendered":"<p>Impression offset Sign\u00e9e , dat\u00e9e et d\u00e9dicac\u00e9e au crayon par l\u2019artiste \u00ab Pour Speedy \u00bb 28,8 x 20,8 cm 500\/600<\/p>","protected":false},"featured_media":13240,"comment_status":"open","ping_status":"closed","template":"","meta":{"_acf_changed":false},"product_brand":[],"product_cat":[15],"product_tag":[45],"class_list":{"0":"post-15684","1":"product","2":"type-product","3":"status-publish","4":"has-post-thumbnail","6":"product_cat-uncategorized","7":"product_tag-vente-2022-03-12","9":"first","10":"instock","11":"shipping-taxable","12":"purchasable","13":"product-type-simple"},"acf":[],"_links":{"self":[{"href":"https:\/\/www.louizaauktion.com\/en\/wp-json\/wp\/v2\/product\/15684","targetHints":{"allow":["GET"]}}],"collection":[{"href":"https:\/\/www.louizaauktion.com\/en\/wp-json\/wp\/v2\/product"}],"about":[{"href":"https:\/\/www.louizaauktion.com\/en\/wp-json\/wp\/v2\/types\/product"}],"replies":[{"embeddable":true,"href":"https:\/\/www.louizaauktion.com\/en\/wp-json\/wp\/v2\/comments?post=15684"}],"wp:featuredmedia":[{"embeddable":true,"href":"https:\/\/www.louizaauktion.com\/en\/wp-json\/wp\/v2\/media\/13240"}],"wp:attachment":[{"href":"https:\/\/www.louizaauktion.com\/en\/wp-json\/wp\/v2\/media?parent=15684"}],"wp:term":[{"taxonomy":"product_brand","embeddable":true,"href":"https:\/\/www.louizaauktion.com\/en\/wp-json\/wp\/v2\/product_brand?post=15684"},{"taxonomy":"product_cat","embeddable":true,"href":"https:\/\/www.louizaauktion.com\/en\/wp-json\/wp\/v2\/product_cat?post=15684"},{"taxonomy":"product_tag","embeddable":true,"href":"https:\/\/www.louizaauktion.com\/en\/wp-json\/wp\/v2\/product_tag?post=15684"}],"curies":[{"name":"wp","href":"https:\/\/api.w.org\/{rel}","templated":true}]}}