{"id":15681,"date":"2022-03-01T16:01:53","date_gmt":"2022-03-01T16:01:53","guid":{"rendered":"https:\/\/www.louizaauktion.com\/product\/lot-n137-keith-haring-1958-1990-etats-unis\/"},"modified":"2022-03-01T16:01:53","modified_gmt":"2022-03-01T16:01:53","slug":"lot-n137-keith-haring-1958-1990-etats-unis","status":"publish","type":"product","link":"https:\/\/www.louizaauktion.com\/en\/product\/lot-n137-keith-haring-1958-1990-etats-unis\/","title":{"rendered":"LOT NO. 137 \u2013 Keith HARING (1958 \u2013 1990 \u2013 United States)"},"content":{"rendered":"<p>Marker drawing on color serigraphy<\/p>\n<p>Signed and dated in the plate lower right<br \/>\nCountersigned and dated 1987 in felt pen by the artist<\/p>\n<p>55 x 42.5cm<\/p>\n<p>1000\/1500<\/p>","protected":false},"excerpt":{"rendered":"<p>Dessin au marqueur sur s\u00e9rigraphie en couleurs Sign\u00e9e et dat\u00e9e dans la planche en bas \u00e0 droite Contresign\u00e9e et dat\u00e9 1987 au feutre de la main de l\u2019artiste 55 x [&hellip;]<\/p>\n","protected":false},"featured_media":13237,"comment_status":"open","ping_status":"closed","template":"","meta":{"_acf_changed":false},"product_brand":[],"product_cat":[15],"product_tag":[45],"class_list":{"0":"post-15681","1":"product","2":"type-product","3":"status-publish","4":"has-post-thumbnail","6":"product_cat-uncategorized","7":"product_tag-vente-2022-03-12","9":"first","10":"instock","11":"shipping-taxable","12":"purchasable","13":"product-type-simple"},"acf":[],"_links":{"self":[{"href":"https:\/\/www.louizaauktion.com\/en\/wp-json\/wp\/v2\/product\/15681","targetHints":{"allow":["GET"]}}],"collection":[{"href":"https:\/\/www.louizaauktion.com\/en\/wp-json\/wp\/v2\/product"}],"about":[{"href":"https:\/\/www.louizaauktion.com\/en\/wp-json\/wp\/v2\/types\/product"}],"replies":[{"embeddable":true,"href":"https:\/\/www.louizaauktion.com\/en\/wp-json\/wp\/v2\/comments?post=15681"}],"wp:featuredmedia":[{"embeddable":true,"href":"https:\/\/www.louizaauktion.com\/en\/wp-json\/wp\/v2\/media\/13237"}],"wp:attachment":[{"href":"https:\/\/www.louizaauktion.com\/en\/wp-json\/wp\/v2\/media?parent=15681"}],"wp:term":[{"taxonomy":"product_brand","embeddable":true,"href":"https:\/\/www.louizaauktion.com\/en\/wp-json\/wp\/v2\/product_brand?post=15681"},{"taxonomy":"product_cat","embeddable":true,"href":"https:\/\/www.louizaauktion.com\/en\/wp-json\/wp\/v2\/product_cat?post=15681"},{"taxonomy":"product_tag","embeddable":true,"href":"https:\/\/www.louizaauktion.com\/en\/wp-json\/wp\/v2\/product_tag?post=15681"}],"curies":[{"name":"wp","href":"https:\/\/api.w.org\/{rel}","templated":true}]}}