{"id":15677,"date":"2022-03-01T16:01:52","date_gmt":"2022-03-01T16:01:52","guid":{"rendered":"https:\/\/www.louizaauktion.com\/product\/lot-n133-keith-haring-1958-1990-etats-unis\/"},"modified":"2022-03-01T16:01:52","modified_gmt":"2022-03-01T16:01:52","slug":"lot-n133-keith-haring-1958-1990-etats-unis","status":"publish","type":"product","link":"https:\/\/www.louizaauktion.com\/en\/product\/lot-n133-keith-haring-1958-1990-etats-unis\/","title":{"rendered":"LOT NO. 133 \u2013 Keith HARING (1958 \u2013 1990 \u2013 United States)"},"content":{"rendered":"<p>Marker drawing on Belgian banknote<\/p>\n<p>Signed and dated &#039;88<br \/>\nProvenance: private collection, Belgium<\/p>\n<p>7.5 x 14.2cm<\/p>\n<p>1500\/2000<\/p>","protected":false},"excerpt":{"rendered":"<p>Dessin au marqueur sur billet de banque belge Sign\u00e9 et dat\u00e9 &rsquo;88 Provenance : collection particuli\u00e8re, Belgique 7,5 x 14,2 cm 1500\/2000<\/p>","protected":false},"featured_media":13229,"comment_status":"open","ping_status":"closed","template":"","meta":{"_acf_changed":false},"product_brand":[],"product_cat":[15],"product_tag":[45],"class_list":{"0":"post-15677","1":"product","2":"type-product","3":"status-publish","4":"has-post-thumbnail","6":"product_cat-uncategorized","7":"product_tag-vente-2022-03-12","9":"first","10":"instock","11":"shipping-taxable","12":"purchasable","13":"product-type-simple"},"acf":[],"_links":{"self":[{"href":"https:\/\/www.louizaauktion.com\/en\/wp-json\/wp\/v2\/product\/15677","targetHints":{"allow":["GET"]}}],"collection":[{"href":"https:\/\/www.louizaauktion.com\/en\/wp-json\/wp\/v2\/product"}],"about":[{"href":"https:\/\/www.louizaauktion.com\/en\/wp-json\/wp\/v2\/types\/product"}],"replies":[{"embeddable":true,"href":"https:\/\/www.louizaauktion.com\/en\/wp-json\/wp\/v2\/comments?post=15677"}],"wp:featuredmedia":[{"embeddable":true,"href":"https:\/\/www.louizaauktion.com\/en\/wp-json\/wp\/v2\/media\/13229"}],"wp:attachment":[{"href":"https:\/\/www.louizaauktion.com\/en\/wp-json\/wp\/v2\/media?parent=15677"}],"wp:term":[{"taxonomy":"product_brand","embeddable":true,"href":"https:\/\/www.louizaauktion.com\/en\/wp-json\/wp\/v2\/product_brand?post=15677"},{"taxonomy":"product_cat","embeddable":true,"href":"https:\/\/www.louizaauktion.com\/en\/wp-json\/wp\/v2\/product_cat?post=15677"},{"taxonomy":"product_tag","embeddable":true,"href":"https:\/\/www.louizaauktion.com\/en\/wp-json\/wp\/v2\/product_tag?post=15677"}],"curies":[{"name":"wp","href":"https:\/\/api.w.org\/{rel}","templated":true}]}}