{"id":15675,"date":"2022-03-01T16:01:52","date_gmt":"2022-03-01T16:01:52","guid":{"rendered":"https:\/\/www.louizaauktion.com\/product\/lot-n131-andy-warhol-1928-1987-attribue-a\/"},"modified":"2022-03-01T16:01:52","modified_gmt":"2022-03-01T16:01:52","slug":"lot-n131-andy-warhol-1928-1987-attribue-a","status":"publish","type":"product","link":"https:\/\/www.louizaauktion.com\/en\/product\/lot-n131-andy-warhol-1928-1987-attribue-a\/","title":{"rendered":"LOT N\u00b0131 \u2013 Andy WARHOL (1928-1987), Attributed to"},"content":{"rendered":"<p>Graphite on paper, signed lower right<\/p>\n<p>Bearing the inked stamps Estate of Andy Warhol and The Andy Warhol Foundation for the Visual Arts, Inc. and the number 344.002 on the reverse.<br \/>\nProvenance: The Andy Warhol Foundation for the Visual Art, New York.<\/p>\n<p>41.3 x 29.2 cm (16.25 x 11.49 in.)<\/p>\n<p>6000\/8000<\/p>","protected":false},"excerpt":{"rendered":"<p>Mine de plomb sur papier, sign\u00e9 en bas \u00e0 droite Portant au dos les cachets encr\u00e9s Estate of Andy Warhol et The Andy Warhol Foundation for the Visual Arts, Inc [&hellip;]<\/p>\n","protected":false},"featured_media":13225,"comment_status":"open","ping_status":"closed","template":"","meta":{"_acf_changed":false},"product_brand":[],"product_cat":[15],"product_tag":[45],"class_list":{"0":"post-15675","1":"product","2":"type-product","3":"status-publish","4":"has-post-thumbnail","6":"product_cat-uncategorized","7":"product_tag-vente-2022-03-12","9":"first","10":"instock","11":"shipping-taxable","12":"purchasable","13":"product-type-simple"},"acf":[],"_links":{"self":[{"href":"https:\/\/www.louizaauktion.com\/en\/wp-json\/wp\/v2\/product\/15675","targetHints":{"allow":["GET"]}}],"collection":[{"href":"https:\/\/www.louizaauktion.com\/en\/wp-json\/wp\/v2\/product"}],"about":[{"href":"https:\/\/www.louizaauktion.com\/en\/wp-json\/wp\/v2\/types\/product"}],"replies":[{"embeddable":true,"href":"https:\/\/www.louizaauktion.com\/en\/wp-json\/wp\/v2\/comments?post=15675"}],"wp:featuredmedia":[{"embeddable":true,"href":"https:\/\/www.louizaauktion.com\/en\/wp-json\/wp\/v2\/media\/13225"}],"wp:attachment":[{"href":"https:\/\/www.louizaauktion.com\/en\/wp-json\/wp\/v2\/media?parent=15675"}],"wp:term":[{"taxonomy":"product_brand","embeddable":true,"href":"https:\/\/www.louizaauktion.com\/en\/wp-json\/wp\/v2\/product_brand?post=15675"},{"taxonomy":"product_cat","embeddable":true,"href":"https:\/\/www.louizaauktion.com\/en\/wp-json\/wp\/v2\/product_cat?post=15675"},{"taxonomy":"product_tag","embeddable":true,"href":"https:\/\/www.louizaauktion.com\/en\/wp-json\/wp\/v2\/product_tag?post=15675"}],"curies":[{"name":"wp","href":"https:\/\/api.w.org\/{rel}","templated":true}]}}