{"id":15674,"date":"2022-03-01T16:01:51","date_gmt":"2022-03-01T16:01:51","guid":{"rendered":"https:\/\/www.louizaauktion.com\/product\/lot-n130-keith-haring-1958-1990-attribue-a\/"},"modified":"2022-03-01T16:01:51","modified_gmt":"2022-03-01T16:01:51","slug":"lot-n130-keith-haring-1958-1990-attribue-a","status":"publish","type":"product","link":"https:\/\/www.louizaauktion.com\/en\/product\/lot-n130-keith-haring-1958-1990-attribue-a\/","title":{"rendered":"LOT N\u00b0130 \u2013 Keith HARING (1958-1990), Attributed to"},"content":{"rendered":"<p>Drawing in black marker on paper, signed and dated lower middle<\/p>\n<p>Provenance: Private collection, Paris<br \/>\nComment: A stamp of The Estate of Keith Haring by Julia Green dated &quot;6.08.90&quot; on the back of the work.<\/p>\n<p>20x30cm<\/p>\n<p>1500\/2000<\/p>","protected":false},"excerpt":{"rendered":"<p>Dessin au marqueur noir sur papier, sign\u00e9 et dat\u00e9 en bas au milieu Provenance : Collection particuli\u00e8re, Paris Commentaire : Un cachet de The Estate of Keith Haring par Julia [&hellip;]<\/p>\n","protected":false},"featured_media":13224,"comment_status":"open","ping_status":"closed","template":"","meta":{"_acf_changed":false},"product_brand":[],"product_cat":[15],"product_tag":[45],"class_list":{"0":"post-15674","1":"product","2":"type-product","3":"status-publish","4":"has-post-thumbnail","6":"product_cat-uncategorized","7":"product_tag-vente-2022-03-12","9":"first","10":"instock","11":"shipping-taxable","12":"purchasable","13":"product-type-simple"},"acf":[],"_links":{"self":[{"href":"https:\/\/www.louizaauktion.com\/en\/wp-json\/wp\/v2\/product\/15674","targetHints":{"allow":["GET"]}}],"collection":[{"href":"https:\/\/www.louizaauktion.com\/en\/wp-json\/wp\/v2\/product"}],"about":[{"href":"https:\/\/www.louizaauktion.com\/en\/wp-json\/wp\/v2\/types\/product"}],"replies":[{"embeddable":true,"href":"https:\/\/www.louizaauktion.com\/en\/wp-json\/wp\/v2\/comments?post=15674"}],"wp:featuredmedia":[{"embeddable":true,"href":"https:\/\/www.louizaauktion.com\/en\/wp-json\/wp\/v2\/media\/13224"}],"wp:attachment":[{"href":"https:\/\/www.louizaauktion.com\/en\/wp-json\/wp\/v2\/media?parent=15674"}],"wp:term":[{"taxonomy":"product_brand","embeddable":true,"href":"https:\/\/www.louizaauktion.com\/en\/wp-json\/wp\/v2\/product_brand?post=15674"},{"taxonomy":"product_cat","embeddable":true,"href":"https:\/\/www.louizaauktion.com\/en\/wp-json\/wp\/v2\/product_cat?post=15674"},{"taxonomy":"product_tag","embeddable":true,"href":"https:\/\/www.louizaauktion.com\/en\/wp-json\/wp\/v2\/product_tag?post=15674"}],"curies":[{"name":"wp","href":"https:\/\/api.w.org\/{rel}","templated":true}]}}