{"id":15673,"date":"2022-03-01T16:01:51","date_gmt":"2022-03-01T16:01:51","guid":{"rendered":"https:\/\/www.louizaauktion.com\/product\/lot-n129-keith-haring-1958-1990-attribue-a\/"},"modified":"2022-03-01T16:01:51","modified_gmt":"2022-03-01T16:01:51","slug":"lot-n129-keith-haring-1958-1990-attribue-a","status":"publish","type":"product","link":"https:\/\/www.louizaauktion.com\/en\/product\/lot-n129-keith-haring-1958-1990-attribue-a\/","title":{"rendered":"LOT N\u00b0129 \u2013 Keith HARING (1958-1990), Attributed to"},"content":{"rendered":"<p>Black marker drawing in the Interview magazine of January 1987 (magazine created by Andy Warhol in 1969).<\/p>\n<p>Hand signed and dated 87, cover also signed.<br \/>\nVery good state of conservation<\/p>\n<p>Dimensions: H: 40.5; W: 27.5cm<\/p>\n<p>1500\/2000<\/p>","protected":false},"excerpt":{"rendered":"<p>Dessin au marker noir dans le magazine Interview de Janvier 1987 (magazine cr\u00e9\u00e9 par Andy Warhol en 1969). Sign\u00e9 \u00e0 la main et dat\u00e9 87, couverture \u00e9galement sign\u00e9e. Tr\u00e8s bon [&hellip;]<\/p>\n","protected":false},"featured_media":13223,"comment_status":"open","ping_status":"closed","template":"","meta":{"_acf_changed":false},"product_brand":[],"product_cat":[15],"product_tag":[45],"class_list":{"0":"post-15673","1":"product","2":"type-product","3":"status-publish","4":"has-post-thumbnail","6":"product_cat-uncategorized","7":"product_tag-vente-2022-03-12","9":"first","10":"instock","11":"shipping-taxable","12":"purchasable","13":"product-type-simple"},"acf":[],"_links":{"self":[{"href":"https:\/\/www.louizaauktion.com\/en\/wp-json\/wp\/v2\/product\/15673","targetHints":{"allow":["GET"]}}],"collection":[{"href":"https:\/\/www.louizaauktion.com\/en\/wp-json\/wp\/v2\/product"}],"about":[{"href":"https:\/\/www.louizaauktion.com\/en\/wp-json\/wp\/v2\/types\/product"}],"replies":[{"embeddable":true,"href":"https:\/\/www.louizaauktion.com\/en\/wp-json\/wp\/v2\/comments?post=15673"}],"wp:featuredmedia":[{"embeddable":true,"href":"https:\/\/www.louizaauktion.com\/en\/wp-json\/wp\/v2\/media\/13223"}],"wp:attachment":[{"href":"https:\/\/www.louizaauktion.com\/en\/wp-json\/wp\/v2\/media?parent=15673"}],"wp:term":[{"taxonomy":"product_brand","embeddable":true,"href":"https:\/\/www.louizaauktion.com\/en\/wp-json\/wp\/v2\/product_brand?post=15673"},{"taxonomy":"product_cat","embeddable":true,"href":"https:\/\/www.louizaauktion.com\/en\/wp-json\/wp\/v2\/product_cat?post=15673"},{"taxonomy":"product_tag","embeddable":true,"href":"https:\/\/www.louizaauktion.com\/en\/wp-json\/wp\/v2\/product_tag?post=15673"}],"curies":[{"name":"wp","href":"https:\/\/api.w.org\/{rel}","templated":true}]}}