{"id":15672,"date":"2022-03-01T16:01:51","date_gmt":"2022-03-01T16:01:51","guid":{"rendered":"https:\/\/www.louizaauktion.com\/product\/lot-n128-keith-haring-1958-1990-attribue-a\/"},"modified":"2022-03-01T16:01:51","modified_gmt":"2022-03-01T16:01:51","slug":"lot-n128-keith-haring-1958-1990-attribue-a","status":"publish","type":"product","link":"https:\/\/www.louizaauktion.com\/en\/product\/lot-n128-keith-haring-1958-1990-attribue-a\/","title":{"rendered":"LOT N\u00b0128 \u2013 Keith HARING (1958-1990), Attributed to"},"content":{"rendered":"<p>Original chalk drawing on black paper made on a metro poster.<\/p>\n<p>(A few slight tears on the edges, and at the upper left corner)<br \/>\nProvenance: Private collection, Paris<\/p>\n<p>157 x 117 cm \u2013 61.61 x 46 in.<\/p>\n<p>8000\/12000<\/p>","protected":false},"excerpt":{"rendered":"<p>Dessin original \u00e0 la craie sur papier noir r\u00e9alis\u00e9 sur une affiche de m\u00e9tro. (Quelques l\u00e9g\u00e8res d\u00e9chirures sur les bords, et \u00e0 l\u2019angle sup\u00e9rieur gauche) Provenance : Collection particuli\u00e8re, Paris [&hellip;]<\/p>\n","protected":false},"featured_media":13220,"comment_status":"open","ping_status":"closed","template":"","meta":{"_acf_changed":false},"product_brand":[],"product_cat":[15],"product_tag":[45],"class_list":{"0":"post-15672","1":"product","2":"type-product","3":"status-publish","4":"has-post-thumbnail","6":"product_cat-uncategorized","7":"product_tag-vente-2022-03-12","9":"first","10":"instock","11":"shipping-taxable","12":"purchasable","13":"product-type-simple"},"acf":[],"_links":{"self":[{"href":"https:\/\/www.louizaauktion.com\/en\/wp-json\/wp\/v2\/product\/15672","targetHints":{"allow":["GET"]}}],"collection":[{"href":"https:\/\/www.louizaauktion.com\/en\/wp-json\/wp\/v2\/product"}],"about":[{"href":"https:\/\/www.louizaauktion.com\/en\/wp-json\/wp\/v2\/types\/product"}],"replies":[{"embeddable":true,"href":"https:\/\/www.louizaauktion.com\/en\/wp-json\/wp\/v2\/comments?post=15672"}],"wp:featuredmedia":[{"embeddable":true,"href":"https:\/\/www.louizaauktion.com\/en\/wp-json\/wp\/v2\/media\/13220"}],"wp:attachment":[{"href":"https:\/\/www.louizaauktion.com\/en\/wp-json\/wp\/v2\/media?parent=15672"}],"wp:term":[{"taxonomy":"product_brand","embeddable":true,"href":"https:\/\/www.louizaauktion.com\/en\/wp-json\/wp\/v2\/product_brand?post=15672"},{"taxonomy":"product_cat","embeddable":true,"href":"https:\/\/www.louizaauktion.com\/en\/wp-json\/wp\/v2\/product_cat?post=15672"},{"taxonomy":"product_tag","embeddable":true,"href":"https:\/\/www.louizaauktion.com\/en\/wp-json\/wp\/v2\/product_tag?post=15672"}],"curies":[{"name":"wp","href":"https:\/\/api.w.org\/{rel}","templated":true}]}}