{"id":15654,"date":"2022-03-01T16:01:48","date_gmt":"2022-03-01T16:01:48","guid":{"rendered":"https:\/\/www.louizaauktion.com\/product\/lot-n110-jr-ne-en-1983-dapres\/"},"modified":"2022-03-01T16:01:48","modified_gmt":"2022-03-01T16:01:48","slug":"lot-n110-jr-ne-en-1983-dapres","status":"publish","type":"product","link":"https:\/\/www.louizaauktion.com\/en\/product\/lot-n110-jr-ne-en-1983-dapres\/","title":{"rendered":"LOT N\u00b0110 \u2013 JR (Born in 1983), According to"},"content":{"rendered":"<p>Original print by French artist JR.<br \/>\nIn the Heni catalog.<br \/>\nThe image shows JR&#039;s extraordinary installation at the Eiffel Tower in Paris, France. Reflects a variety of lights and scenes taken at the exact point of anamorphosis on the first days of the installation in May 2021<\/p>\n<p>Laminated Gicl\u00e9e print with G-gloss, mounted on 3mm Dibond, measuring 96cm x 64cm.<br \/>\nSigned and numbered by the artist, on the reverse, with details of the work.<br \/>\nPart of a limited edition totaling only 247 copies.<\/p>\n<p>96 x 64cm<\/p>\n<p>3000\/3500<\/p>","protected":false},"excerpt":{"rendered":"<p>Estampe originale de l&rsquo;artiste fran\u00e7ais JR. Dans le catalogue Heni. L&rsquo;image montre l&rsquo;installation extraordinaire de JR \u00e0 la Tour Eiffel \u00e0 Paris, France. Refl\u00e8te une vari\u00e9t\u00e9 de lumi\u00e8res et de [&hellip;]<\/p>\n","protected":false},"featured_media":13192,"comment_status":"open","ping_status":"closed","template":"","meta":{"_acf_changed":false},"product_brand":[],"product_cat":[15],"product_tag":[45],"class_list":{"0":"post-15654","1":"product","2":"type-product","3":"status-publish","4":"has-post-thumbnail","6":"product_cat-uncategorized","7":"product_tag-vente-2022-03-12","9":"first","10":"instock","11":"shipping-taxable","12":"purchasable","13":"product-type-simple"},"acf":[],"_links":{"self":[{"href":"https:\/\/www.louizaauktion.com\/en\/wp-json\/wp\/v2\/product\/15654","targetHints":{"allow":["GET"]}}],"collection":[{"href":"https:\/\/www.louizaauktion.com\/en\/wp-json\/wp\/v2\/product"}],"about":[{"href":"https:\/\/www.louizaauktion.com\/en\/wp-json\/wp\/v2\/types\/product"}],"replies":[{"embeddable":true,"href":"https:\/\/www.louizaauktion.com\/en\/wp-json\/wp\/v2\/comments?post=15654"}],"wp:featuredmedia":[{"embeddable":true,"href":"https:\/\/www.louizaauktion.com\/en\/wp-json\/wp\/v2\/media\/13192"}],"wp:attachment":[{"href":"https:\/\/www.louizaauktion.com\/en\/wp-json\/wp\/v2\/media?parent=15654"}],"wp:term":[{"taxonomy":"product_brand","embeddable":true,"href":"https:\/\/www.louizaauktion.com\/en\/wp-json\/wp\/v2\/product_brand?post=15654"},{"taxonomy":"product_cat","embeddable":true,"href":"https:\/\/www.louizaauktion.com\/en\/wp-json\/wp\/v2\/product_cat?post=15654"},{"taxonomy":"product_tag","embeddable":true,"href":"https:\/\/www.louizaauktion.com\/en\/wp-json\/wp\/v2\/product_tag?post=15654"}],"curies":[{"name":"wp","href":"https:\/\/api.w.org\/{rel}","templated":true}]}}