{"id":15645,"date":"2022-03-01T16:01:47","date_gmt":"2022-03-01T16:01:47","guid":{"rendered":"https:\/\/www.louizaauktion.com\/product\/lot-n101-mr-brainwash-ne-en-1966\/"},"modified":"2022-03-01T16:01:47","modified_gmt":"2022-03-01T16:01:47","slug":"lot-n101-mr-brainwash-ne-en-1966","status":"publish","type":"product","link":"https:\/\/www.louizaauktion.com\/en\/product\/lot-n101-mr-brainwash-ne-en-1966\/","title":{"rendered":"LOT N\u00b0101 \u2013 Mr BRAINWASH (Born in 1966)"},"content":{"rendered":"<p>Chrome painted resin sculpture<\/p>\n<p>Signed, numbered and dated by the artist.<br \/>\nEdition of 95 copies<br \/>\nAccompanied by a certificate of authenticity and a presentation box.<\/p>\n<p>21 x 15 x 6 cm approximately<\/p>\n<p>1000\/1500<\/p>","protected":false},"excerpt":{"rendered":"<p>Sculpture en r\u00e9sine peint chrom\u00e9e Sign\u00e9, num\u00e9rot\u00e9 et dat\u00e9 par l&rsquo;artiste. Edition \u00e0 95 exemplaires Accompagn\u00e9 d&rsquo;un certificat d&rsquo;authenticit\u00e9 et d&rsquo;un coffret de pr\u00e9sentation. 21 x 15 x 6 cm [&hellip;]<\/p>\n","protected":false},"featured_media":13183,"comment_status":"open","ping_status":"closed","template":"","meta":{"_acf_changed":false},"product_brand":[],"product_cat":[15],"product_tag":[45],"class_list":{"0":"post-15645","1":"product","2":"type-product","3":"status-publish","4":"has-post-thumbnail","6":"product_cat-uncategorized","7":"product_tag-vente-2022-03-12","9":"first","10":"instock","11":"shipping-taxable","12":"purchasable","13":"product-type-simple"},"acf":[],"_links":{"self":[{"href":"https:\/\/www.louizaauktion.com\/en\/wp-json\/wp\/v2\/product\/15645","targetHints":{"allow":["GET"]}}],"collection":[{"href":"https:\/\/www.louizaauktion.com\/en\/wp-json\/wp\/v2\/product"}],"about":[{"href":"https:\/\/www.louizaauktion.com\/en\/wp-json\/wp\/v2\/types\/product"}],"replies":[{"embeddable":true,"href":"https:\/\/www.louizaauktion.com\/en\/wp-json\/wp\/v2\/comments?post=15645"}],"wp:featuredmedia":[{"embeddable":true,"href":"https:\/\/www.louizaauktion.com\/en\/wp-json\/wp\/v2\/media\/13183"}],"wp:attachment":[{"href":"https:\/\/www.louizaauktion.com\/en\/wp-json\/wp\/v2\/media?parent=15645"}],"wp:term":[{"taxonomy":"product_brand","embeddable":true,"href":"https:\/\/www.louizaauktion.com\/en\/wp-json\/wp\/v2\/product_brand?post=15645"},{"taxonomy":"product_cat","embeddable":true,"href":"https:\/\/www.louizaauktion.com\/en\/wp-json\/wp\/v2\/product_cat?post=15645"},{"taxonomy":"product_tag","embeddable":true,"href":"https:\/\/www.louizaauktion.com\/en\/wp-json\/wp\/v2\/product_tag?post=15645"}],"curies":[{"name":"wp","href":"https:\/\/api.w.org\/{rel}","templated":true}]}}