{"id":15638,"date":"2022-03-01T16:01:45","date_gmt":"2022-03-01T16:01:45","guid":{"rendered":"https:\/\/www.louizaauktion.com\/product\/lot-n94-daniel-arsham-americain-ne-en-1980\/"},"modified":"2022-03-01T16:01:45","modified_gmt":"2022-03-01T16:01:45","slug":"lot-n94-daniel-arsham-americain-ne-en-1980","status":"publish","type":"product","link":"https:\/\/www.louizaauktion.com\/en\/product\/lot-n94-daniel-arsham-americain-ne-en-1980\/","title":{"rendered":"LOT N\u00b094 \u2013 Daniel ARSHAM (American \u2013 Born in 1980)"},"content":{"rendered":"<p>Resin<\/p>\n<p>Signed and numbered on 500 copies<br \/>\nIn its original box<\/p>\n<p>2000\/3000<\/p>","protected":false},"excerpt":{"rendered":"<p>R\u00e9sine Sign\u00e9e et num\u00e9rot\u00e9e sur 500 exemplaires Dans sa bo\u00eete d&rsquo;origine 2000\/3000<\/p>","protected":false},"featured_media":13173,"comment_status":"open","ping_status":"closed","template":"","meta":{"_acf_changed":false},"product_brand":[],"product_cat":[15],"product_tag":[45],"class_list":{"0":"post-15638","1":"product","2":"type-product","3":"status-publish","4":"has-post-thumbnail","6":"product_cat-uncategorized","7":"product_tag-vente-2022-03-12","9":"first","10":"instock","11":"shipping-taxable","12":"purchasable","13":"product-type-simple"},"acf":[],"_links":{"self":[{"href":"https:\/\/www.louizaauktion.com\/en\/wp-json\/wp\/v2\/product\/15638","targetHints":{"allow":["GET"]}}],"collection":[{"href":"https:\/\/www.louizaauktion.com\/en\/wp-json\/wp\/v2\/product"}],"about":[{"href":"https:\/\/www.louizaauktion.com\/en\/wp-json\/wp\/v2\/types\/product"}],"replies":[{"embeddable":true,"href":"https:\/\/www.louizaauktion.com\/en\/wp-json\/wp\/v2\/comments?post=15638"}],"wp:featuredmedia":[{"embeddable":true,"href":"https:\/\/www.louizaauktion.com\/en\/wp-json\/wp\/v2\/media\/13173"}],"wp:attachment":[{"href":"https:\/\/www.louizaauktion.com\/en\/wp-json\/wp\/v2\/media?parent=15638"}],"wp:term":[{"taxonomy":"product_brand","embeddable":true,"href":"https:\/\/www.louizaauktion.com\/en\/wp-json\/wp\/v2\/product_brand?post=15638"},{"taxonomy":"product_cat","embeddable":true,"href":"https:\/\/www.louizaauktion.com\/en\/wp-json\/wp\/v2\/product_cat?post=15638"},{"taxonomy":"product_tag","embeddable":true,"href":"https:\/\/www.louizaauktion.com\/en\/wp-json\/wp\/v2\/product_tag?post=15638"}],"curies":[{"name":"wp","href":"https:\/\/api.w.org\/{rel}","templated":true}]}}