{"id":15637,"date":"2022-03-01T16:01:45","date_gmt":"2022-03-01T16:01:45","guid":{"rendered":"https:\/\/www.louizaauktion.com\/product\/lot-n93-kaws-usa-ne-en-1974-dapres\/"},"modified":"2022-03-01T16:01:45","modified_gmt":"2022-03-01T16:01:45","slug":"lot-n93-kaws-usa-ne-en-1974-dapres","status":"publish","type":"product","link":"https:\/\/www.louizaauktion.com\/en\/product\/lot-n93-kaws-usa-ne-en-1974-dapres\/","title":{"rendered":"LOT N\u00b093 \u2013 KAWS (USA, Born in 1974) (after)"},"content":{"rendered":"<p>Silkscreen on vinyl sleeve and vinyl LP, created and designed by Kaws.<\/p>\n<p>The screen print artwork was created on a vinyl sleeve and 33 rpm vinyl by Kaws in 2002 to celebrate the release of his friend DJ Hasebe&#039;s album.<\/p>\n<p>31 x 31 cm (framed)<\/p>\n<p>450\/500<\/p>","protected":false},"excerpt":{"rendered":"<p>S\u00e9rigraphie sur pochette de vinyl et vinyl de 33 tours, cr\u00e9\u00e9e et dessin\u00e9e par Kaws. L&rsquo;illustration de la s\u00e9rigraphie a \u00e9t\u00e9 cr\u00e9\u00e9e sur pochette de vinyl et sur vinyl de [&hellip;]<\/p>\n","protected":false},"featured_media":13170,"comment_status":"open","ping_status":"closed","template":"","meta":{"_acf_changed":false},"product_brand":[],"product_cat":[15],"product_tag":[45],"class_list":{"0":"post-15637","1":"product","2":"type-product","3":"status-publish","4":"has-post-thumbnail","6":"product_cat-uncategorized","7":"product_tag-vente-2022-03-12","9":"first","10":"instock","11":"shipping-taxable","12":"purchasable","13":"product-type-simple"},"acf":[],"_links":{"self":[{"href":"https:\/\/www.louizaauktion.com\/en\/wp-json\/wp\/v2\/product\/15637","targetHints":{"allow":["GET"]}}],"collection":[{"href":"https:\/\/www.louizaauktion.com\/en\/wp-json\/wp\/v2\/product"}],"about":[{"href":"https:\/\/www.louizaauktion.com\/en\/wp-json\/wp\/v2\/types\/product"}],"replies":[{"embeddable":true,"href":"https:\/\/www.louizaauktion.com\/en\/wp-json\/wp\/v2\/comments?post=15637"}],"wp:featuredmedia":[{"embeddable":true,"href":"https:\/\/www.louizaauktion.com\/en\/wp-json\/wp\/v2\/media\/13170"}],"wp:attachment":[{"href":"https:\/\/www.louizaauktion.com\/en\/wp-json\/wp\/v2\/media?parent=15637"}],"wp:term":[{"taxonomy":"product_brand","embeddable":true,"href":"https:\/\/www.louizaauktion.com\/en\/wp-json\/wp\/v2\/product_brand?post=15637"},{"taxonomy":"product_cat","embeddable":true,"href":"https:\/\/www.louizaauktion.com\/en\/wp-json\/wp\/v2\/product_cat?post=15637"},{"taxonomy":"product_tag","embeddable":true,"href":"https:\/\/www.louizaauktion.com\/en\/wp-json\/wp\/v2\/product_tag?post=15637"}],"curies":[{"name":"wp","href":"https:\/\/api.w.org\/{rel}","templated":true}]}}