{"id":15636,"date":"2022-03-01T16:01:45","date_gmt":"2022-03-01T16:01:45","guid":{"rendered":"https:\/\/www.louizaauktion.com\/product\/lot-n92-kaws-usa-ne-en-1974-dapres\/"},"modified":"2022-03-01T16:01:45","modified_gmt":"2022-03-01T16:01:45","slug":"lot-n92-kaws-usa-ne-en-1974-dapres","status":"publish","type":"product","link":"https:\/\/www.louizaauktion.com\/en\/product\/lot-n92-kaws-usa-ne-en-1974-dapres\/","title":{"rendered":"LOT N\u00b092 \u2013 KAWS (USA, Born in 1974) (after)"},"content":{"rendered":"<p>Silkscreen on skateboard deck<br \/>\nMade in limited edition by Kaws in collaboration with Supreme in 2001<\/p>\n<p>80 x 20cm<\/p>\n<p>150\/200<\/p>","protected":false},"excerpt":{"rendered":"<p>S\u00e9rigraphie sur planche de skateboard R\u00e9alis\u00e9e en \u00e9dition limit\u00e9e par Kaws en collaboration avec Supreme en 2001 80 x 20 cm 150\/200<\/p>","protected":false},"featured_media":13169,"comment_status":"open","ping_status":"closed","template":"","meta":{"_acf_changed":false},"product_brand":[],"product_cat":[15],"product_tag":[45],"class_list":{"0":"post-15636","1":"product","2":"type-product","3":"status-publish","4":"has-post-thumbnail","6":"product_cat-uncategorized","7":"product_tag-vente-2022-03-12","9":"first","10":"instock","11":"shipping-taxable","12":"purchasable","13":"product-type-simple"},"acf":[],"_links":{"self":[{"href":"https:\/\/www.louizaauktion.com\/en\/wp-json\/wp\/v2\/product\/15636","targetHints":{"allow":["GET"]}}],"collection":[{"href":"https:\/\/www.louizaauktion.com\/en\/wp-json\/wp\/v2\/product"}],"about":[{"href":"https:\/\/www.louizaauktion.com\/en\/wp-json\/wp\/v2\/types\/product"}],"replies":[{"embeddable":true,"href":"https:\/\/www.louizaauktion.com\/en\/wp-json\/wp\/v2\/comments?post=15636"}],"wp:featuredmedia":[{"embeddable":true,"href":"https:\/\/www.louizaauktion.com\/en\/wp-json\/wp\/v2\/media\/13169"}],"wp:attachment":[{"href":"https:\/\/www.louizaauktion.com\/en\/wp-json\/wp\/v2\/media?parent=15636"}],"wp:term":[{"taxonomy":"product_brand","embeddable":true,"href":"https:\/\/www.louizaauktion.com\/en\/wp-json\/wp\/v2\/product_brand?post=15636"},{"taxonomy":"product_cat","embeddable":true,"href":"https:\/\/www.louizaauktion.com\/en\/wp-json\/wp\/v2\/product_cat?post=15636"},{"taxonomy":"product_tag","embeddable":true,"href":"https:\/\/www.louizaauktion.com\/en\/wp-json\/wp\/v2\/product_tag?post=15636"}],"curies":[{"name":"wp","href":"https:\/\/api.w.org\/{rel}","templated":true}]}}