{"id":15623,"date":"2022-03-01T16:01:43","date_gmt":"2022-03-01T16:01:43","guid":{"rendered":"https:\/\/www.louizaauktion.com\/product\/lot-n79-damien-hirst-ne-en-1965\/"},"modified":"2022-03-01T16:01:43","modified_gmt":"2022-03-01T16:01:43","slug":"lot-n79-damien-hirst-ne-en-1965","status":"publish","type":"product","link":"https:\/\/www.louizaauktion.com\/en\/product\/lot-n79-damien-hirst-ne-en-1965\/","title":{"rendered":"LOT N\u00b079 \u2013 Damien HIRST (Born in 1965)"},"content":{"rendered":"<p>Original color offset poster<\/p>\n<p>Signed by the hand of the artist, not numbered<br \/>\nLimited edition signed by the artist during an Event at the Claridge Hotel in London.<\/p>\n<p>60 x 99cm<\/p>\n<p>350\/400<\/p>","protected":false},"excerpt":{"rendered":"<p>Affiche offset originale en couleurs Sign\u00e9e de la main de l\u2019artiste, non num\u00e9rot\u00e9e Tirage limit\u00e9 sign\u00e9 par l\u2019artiste lors d\u2019un Event \u00e0 l\u2019H\u00f4tel Claridge de Londres. 60 x 99 cm [&hellip;]<\/p>\n","protected":false},"featured_media":13142,"comment_status":"open","ping_status":"closed","template":"","meta":{"_acf_changed":false},"product_brand":[],"product_cat":[15],"product_tag":[45],"class_list":{"0":"post-15623","1":"product","2":"type-product","3":"status-publish","4":"has-post-thumbnail","6":"product_cat-uncategorized","7":"product_tag-vente-2022-03-12","9":"first","10":"instock","11":"shipping-taxable","12":"purchasable","13":"product-type-simple"},"acf":[],"_links":{"self":[{"href":"https:\/\/www.louizaauktion.com\/en\/wp-json\/wp\/v2\/product\/15623","targetHints":{"allow":["GET"]}}],"collection":[{"href":"https:\/\/www.louizaauktion.com\/en\/wp-json\/wp\/v2\/product"}],"about":[{"href":"https:\/\/www.louizaauktion.com\/en\/wp-json\/wp\/v2\/types\/product"}],"replies":[{"embeddable":true,"href":"https:\/\/www.louizaauktion.com\/en\/wp-json\/wp\/v2\/comments?post=15623"}],"wp:featuredmedia":[{"embeddable":true,"href":"https:\/\/www.louizaauktion.com\/en\/wp-json\/wp\/v2\/media\/13142"}],"wp:attachment":[{"href":"https:\/\/www.louizaauktion.com\/en\/wp-json\/wp\/v2\/media?parent=15623"}],"wp:term":[{"taxonomy":"product_brand","embeddable":true,"href":"https:\/\/www.louizaauktion.com\/en\/wp-json\/wp\/v2\/product_brand?post=15623"},{"taxonomy":"product_cat","embeddable":true,"href":"https:\/\/www.louizaauktion.com\/en\/wp-json\/wp\/v2\/product_cat?post=15623"},{"taxonomy":"product_tag","embeddable":true,"href":"https:\/\/www.louizaauktion.com\/en\/wp-json\/wp\/v2\/product_tag?post=15623"}],"curies":[{"name":"wp","href":"https:\/\/api.w.org\/{rel}","templated":true}]}}