{"id":15600,"date":"2022-03-01T16:01:38","date_gmt":"2022-03-01T16:01:38","guid":{"rendered":"https:\/\/www.louizaauktion.com\/product\/lot-n56-banksy-dapres-after\/"},"modified":"2022-03-01T16:01:38","modified_gmt":"2022-03-01T16:01:38","slug":"lot-n56-banksy-dapres-after","status":"publish","type":"product","link":"https:\/\/www.louizaauktion.com\/en\/product\/lot-n56-banksy-dapres-after\/","title":{"rendered":"LOT N\u00b056 \u2013 BANKSY, D&#039;APRES \u2013 AFTER"},"content":{"rendered":"<p>Cold Cast Resin Sculpture<\/p>\n<p>Edition of 300 copies<br \/>\nWeight 1 kg, New<\/p>\n<p>25.5 x 12 x 11.5cm \u2013 <\/p>\n<p>600\/1000<\/p>","protected":false},"excerpt":{"rendered":"<p>Sculpture en r\u00e9sine coul\u00e9e \u00e0 froid Edition de 300 exemplaires Poids 1 kg, Neuf 25,5 x 12 x 11,5 cm &#8211; 600\/1000<\/p>","protected":false},"featured_media":13094,"comment_status":"open","ping_status":"closed","template":"","meta":{"_acf_changed":false},"product_brand":[],"product_cat":[15],"product_tag":[45],"class_list":{"0":"post-15600","1":"product","2":"type-product","3":"status-publish","4":"has-post-thumbnail","6":"product_cat-uncategorized","7":"product_tag-vente-2022-03-12","9":"first","10":"instock","11":"shipping-taxable","12":"purchasable","13":"product-type-simple"},"acf":[],"_links":{"self":[{"href":"https:\/\/www.louizaauktion.com\/en\/wp-json\/wp\/v2\/product\/15600","targetHints":{"allow":["GET"]}}],"collection":[{"href":"https:\/\/www.louizaauktion.com\/en\/wp-json\/wp\/v2\/product"}],"about":[{"href":"https:\/\/www.louizaauktion.com\/en\/wp-json\/wp\/v2\/types\/product"}],"replies":[{"embeddable":true,"href":"https:\/\/www.louizaauktion.com\/en\/wp-json\/wp\/v2\/comments?post=15600"}],"wp:featuredmedia":[{"embeddable":true,"href":"https:\/\/www.louizaauktion.com\/en\/wp-json\/wp\/v2\/media\/13094"}],"wp:attachment":[{"href":"https:\/\/www.louizaauktion.com\/en\/wp-json\/wp\/v2\/media?parent=15600"}],"wp:term":[{"taxonomy":"product_brand","embeddable":true,"href":"https:\/\/www.louizaauktion.com\/en\/wp-json\/wp\/v2\/product_brand?post=15600"},{"taxonomy":"product_cat","embeddable":true,"href":"https:\/\/www.louizaauktion.com\/en\/wp-json\/wp\/v2\/product_cat?post=15600"},{"taxonomy":"product_tag","embeddable":true,"href":"https:\/\/www.louizaauktion.com\/en\/wp-json\/wp\/v2\/product_tag?post=15600"}],"curies":[{"name":"wp","href":"https:\/\/api.w.org\/{rel}","templated":true}]}}