{"id":15557,"date":"2022-03-01T16:01:31","date_gmt":"2022-03-01T16:01:31","guid":{"rendered":"https:\/\/www.louizaauktion.com\/product\/lot-n13-banksy-dismaland\/"},"modified":"2022-03-01T16:01:31","modified_gmt":"2022-03-01T16:01:31","slug":"lot-n13-banksy-dismaland","status":"publish","type":"product","link":"https:\/\/www.louizaauktion.com\/en\/product\/lot-n13-banksy-dismaland\/","title":{"rendered":"LOT N\u00b013 \u2013 BANKSY DISMALAND"},"content":{"rendered":"<p>Spray paint and stencil on cardboard, signed and numbered 50 copies.<\/p>\n<p>Free stencil spray paint art sown at Banksy&#039;s theme park &quot;Dismaland&quot; which ran for two months, from August to September 2015. During the exhibition period, Dismaland held a Free Art where they hid the artwork in various locations and you could take it home with you. (Some damage to the cardboard is the cause.) <\/p>\n<p>Comes with original entry ticket and Map Dismaland. <\/p>\n<p>Dimensions approximately 30 x 22 cm<\/p>\n<p>500\/800<\/p>","protected":false},"excerpt":{"rendered":"<p>Bombe a\u00e9rosol et pochoir sur carton, sign\u00e9 et num\u00e9rot\u00e9 \u00e0 50 exemplaires. Art gratuit de la peinture en a\u00e9rosol au pochoir sem\u00e9 au parc \u00e0 th\u00e8me de Banksy \u00ab\u00a0Dismaland\u00a0\u00bb qui [&hellip;]<\/p>\n","protected":false},"featured_media":12702,"comment_status":"open","ping_status":"closed","template":"","meta":{"_acf_changed":false},"product_brand":[],"product_cat":[15],"product_tag":[45],"class_list":{"0":"post-15557","1":"product","2":"type-product","3":"status-publish","4":"has-post-thumbnail","6":"product_cat-uncategorized","7":"product_tag-vente-2022-03-12","9":"first","10":"instock","11":"shipping-taxable","12":"purchasable","13":"product-type-simple"},"acf":[],"_links":{"self":[{"href":"https:\/\/www.louizaauktion.com\/en\/wp-json\/wp\/v2\/product\/15557","targetHints":{"allow":["GET"]}}],"collection":[{"href":"https:\/\/www.louizaauktion.com\/en\/wp-json\/wp\/v2\/product"}],"about":[{"href":"https:\/\/www.louizaauktion.com\/en\/wp-json\/wp\/v2\/types\/product"}],"replies":[{"embeddable":true,"href":"https:\/\/www.louizaauktion.com\/en\/wp-json\/wp\/v2\/comments?post=15557"}],"wp:featuredmedia":[{"embeddable":true,"href":"https:\/\/www.louizaauktion.com\/en\/wp-json\/wp\/v2\/media\/12702"}],"wp:attachment":[{"href":"https:\/\/www.louizaauktion.com\/en\/wp-json\/wp\/v2\/media?parent=15557"}],"wp:term":[{"taxonomy":"product_brand","embeddable":true,"href":"https:\/\/www.louizaauktion.com\/en\/wp-json\/wp\/v2\/product_brand?post=15557"},{"taxonomy":"product_cat","embeddable":true,"href":"https:\/\/www.louizaauktion.com\/en\/wp-json\/wp\/v2\/product_cat?post=15557"},{"taxonomy":"product_tag","embeddable":true,"href":"https:\/\/www.louizaauktion.com\/en\/wp-json\/wp\/v2\/product_tag?post=15557"}],"curies":[{"name":"wp","href":"https:\/\/api.w.org\/{rel}","templated":true}]}}