{"id":10735,"date":"2021-12-03T08:15:24","date_gmt":"2021-12-03T08:15:24","guid":{"rendered":"https:\/\/www.louizaauktion.com\/product\/bulgariserpenti-forever-sac\/"},"modified":"2021-12-03T11:18:15","modified_gmt":"2021-12-03T11:18:15","slug":"bulgariserpenti-forever-sac","status":"publish","type":"product","link":"https:\/\/www.louizaauktion.com\/en\/product\/bulgariserpenti-forever-sac\/","title":{"rendered":"BULGARI SERPENTI FOREVER BAG"},"content":{"rendered":"<p>SERPENTI FOREVER SHOULDER BAG in red calfskin. Iconic Serpenti clasp in gold-plated brass and black and white enamel with malachite eyes. Gold-plated brass chain and a small pocket mirror. Medium model with two gusseted compartments, several interior pockets and a metal plaque decorated with the Bvlgari logo inside. Excellent condition. (Two slight traces of ballpoint pen on the flap). Dust bag. Original box<\/p>\n<p>28 x 19 x 7.5cm<\/p>\n<p>1000\/1200\u20ac<\/p>","protected":false},"excerpt":{"rendered":"<p>SERPENTI FOREVER SAC PORTE EPAULE en cuir de veau couleur rouge . Fermoir embl\u00e9matique Serpenti en laiton dor\u00e9 et \u00e9mail noir et blanc avec yeux en malachite.Cha\u00eene en laiton dor\u00e9 [&hellip;]<\/p>\n","protected":false},"featured_media":9218,"comment_status":"open","ping_status":"closed","template":"","meta":{"_acf_changed":false},"product_brand":[],"product_cat":[15],"product_tag":[40],"class_list":{"0":"post-10735","1":"product","2":"type-product","3":"status-publish","4":"has-post-thumbnail","6":"product_cat-uncategorized","7":"product_tag-vente-11-12-21-b","9":"first","10":"instock","11":"shipping-taxable","12":"purchasable","13":"product-type-simple"},"acf":[],"_links":{"self":[{"href":"https:\/\/www.louizaauktion.com\/en\/wp-json\/wp\/v2\/product\/10735","targetHints":{"allow":["GET"]}}],"collection":[{"href":"https:\/\/www.louizaauktion.com\/en\/wp-json\/wp\/v2\/product"}],"about":[{"href":"https:\/\/www.louizaauktion.com\/en\/wp-json\/wp\/v2\/types\/product"}],"replies":[{"embeddable":true,"href":"https:\/\/www.louizaauktion.com\/en\/wp-json\/wp\/v2\/comments?post=10735"}],"wp:featuredmedia":[{"embeddable":true,"href":"https:\/\/www.louizaauktion.com\/en\/wp-json\/wp\/v2\/media\/9218"}],"wp:attachment":[{"href":"https:\/\/www.louizaauktion.com\/en\/wp-json\/wp\/v2\/media?parent=10735"}],"wp:term":[{"taxonomy":"product_brand","embeddable":true,"href":"https:\/\/www.louizaauktion.com\/en\/wp-json\/wp\/v2\/product_brand?post=10735"},{"taxonomy":"product_cat","embeddable":true,"href":"https:\/\/www.louizaauktion.com\/en\/wp-json\/wp\/v2\/product_cat?post=10735"},{"taxonomy":"product_tag","embeddable":true,"href":"https:\/\/www.louizaauktion.com\/en\/wp-json\/wp\/v2\/product_tag?post=10735"}],"curies":[{"name":"wp","href":"https:\/\/api.w.org\/{rel}","templated":true}]}}