{"id":10734,"date":"2021-12-03T08:15:24","date_gmt":"2021-12-03T08:15:24","guid":{"rendered":"https:\/\/www.louizaauktion.com\/product\/versacegrand-sac-cabas-en-cuir\/"},"modified":"2021-12-03T11:10:17","modified_gmt":"2021-12-03T11:10:17","slug":"versacegrand-sac-cabas-en-cuir","status":"publish","type":"product","link":"https:\/\/www.louizaauktion.com\/en\/product\/versacegrand-sac-cabas-en-cuir\/","title":{"rendered":"VERSACE LARGE TOTE BAG in leather"},"content":{"rendered":"<p>LARGE TOTE BAG in grained white lambskin. Removable leather shoulder strap. Gold metal trim. Decorated with a leather strap pompom and a Medusa head in a lacquered shield. Signed. Excellent condition. Dust bag. 48 x 32 x 33 cm<\/p>\n<p>700\/900\u20ac<\/p>","protected":false},"excerpt":{"rendered":"<p>GRAND SAC CABAS en cuir d&rsquo;agneau blanc grain\u00e9. Bandouli\u00e8re amovible en cuir . Garniture en m\u00e9tal dor\u00e9 . Garni d&rsquo;un pompon \u00e0 lani\u00e8res de cuir et d&rsquo;une t\u00eate de m\u00e9duse [&hellip;]<\/p>\n","protected":false},"featured_media":9210,"comment_status":"open","ping_status":"closed","template":"","meta":{"_acf_changed":false},"product_brand":[],"product_cat":[15],"product_tag":[40],"class_list":{"0":"post-10734","1":"product","2":"type-product","3":"status-publish","4":"has-post-thumbnail","6":"product_cat-uncategorized","7":"product_tag-vente-11-12-21-b","9":"first","10":"instock","11":"shipping-taxable","12":"purchasable","13":"product-type-simple"},"acf":[],"_links":{"self":[{"href":"https:\/\/www.louizaauktion.com\/en\/wp-json\/wp\/v2\/product\/10734","targetHints":{"allow":["GET"]}}],"collection":[{"href":"https:\/\/www.louizaauktion.com\/en\/wp-json\/wp\/v2\/product"}],"about":[{"href":"https:\/\/www.louizaauktion.com\/en\/wp-json\/wp\/v2\/types\/product"}],"replies":[{"embeddable":true,"href":"https:\/\/www.louizaauktion.com\/en\/wp-json\/wp\/v2\/comments?post=10734"}],"wp:featuredmedia":[{"embeddable":true,"href":"https:\/\/www.louizaauktion.com\/en\/wp-json\/wp\/v2\/media\/9210"}],"wp:attachment":[{"href":"https:\/\/www.louizaauktion.com\/en\/wp-json\/wp\/v2\/media?parent=10734"}],"wp:term":[{"taxonomy":"product_brand","embeddable":true,"href":"https:\/\/www.louizaauktion.com\/en\/wp-json\/wp\/v2\/product_brand?post=10734"},{"taxonomy":"product_cat","embeddable":true,"href":"https:\/\/www.louizaauktion.com\/en\/wp-json\/wp\/v2\/product_cat?post=10734"},{"taxonomy":"product_tag","embeddable":true,"href":"https:\/\/www.louizaauktion.com\/en\/wp-json\/wp\/v2\/product_tag?post=10734"}],"curies":[{"name":"wp","href":"https:\/\/api.w.org\/{rel}","templated":true}]}}