{"id":10729,"date":"2021-12-03T08:15:23","date_gmt":"2021-12-03T08:15:23","guid":{"rendered":"https:\/\/www.louizaauktion.com\/product\/valentino-garavani-made-in-italygrans-sac-cabas-en-cuir\/"},"modified":"2021-12-03T12:19:54","modified_gmt":"2021-12-03T12:19:54","slug":"valentino-garavani-made-in-italygrans-sac-cabas-en-cuir","status":"publish","type":"product","link":"https:\/\/www.louizaauktion.com\/en\/product\/valentino-garavani-made-in-italygrans-sac-cabas-en-cuir\/","title":{"rendered":"VALENTINO GARAVANI \u2013 MADE IN ITALY \u2013 LARGE SHOPPING BAG in leather"},"content":{"rendered":"<p>LARGE CABAS BAG in black grained leather and printed patterns. Inlays of silver studs and colored stones. Silk interior. Fully reversible. Shoulder strap in black leather and multicolored grosgrain. Sign. Dust bag. Mint condition. Certificate.<\/p>\n<p>27 x 47 x 16cm<\/p>\n<p>1000\/1500\u20ac<\/p>","protected":false},"excerpt":{"rendered":"<p>GRANS SAC CABAS en cuir grain\u00e9 noir et motifs imprim\u00e9s. Incrustations de clous argent\u00e9s et de pierres de couleurs. Int\u00e9rieur en soie. Enti\u00e8rement r\u00e9versible. Bandouli\u00e8re en cuir noir et gros [&hellip;]<\/p>\n","protected":false},"featured_media":9175,"comment_status":"open","ping_status":"closed","template":"","meta":{"_acf_changed":false},"product_brand":[],"product_cat":[15],"product_tag":[40],"class_list":{"0":"post-10729","1":"product","2":"type-product","3":"status-publish","4":"has-post-thumbnail","6":"product_cat-uncategorized","7":"product_tag-vente-11-12-21-b","9":"first","10":"instock","11":"shipping-taxable","12":"purchasable","13":"product-type-simple"},"acf":[],"_links":{"self":[{"href":"https:\/\/www.louizaauktion.com\/en\/wp-json\/wp\/v2\/product\/10729","targetHints":{"allow":["GET"]}}],"collection":[{"href":"https:\/\/www.louizaauktion.com\/en\/wp-json\/wp\/v2\/product"}],"about":[{"href":"https:\/\/www.louizaauktion.com\/en\/wp-json\/wp\/v2\/types\/product"}],"replies":[{"embeddable":true,"href":"https:\/\/www.louizaauktion.com\/en\/wp-json\/wp\/v2\/comments?post=10729"}],"wp:featuredmedia":[{"embeddable":true,"href":"https:\/\/www.louizaauktion.com\/en\/wp-json\/wp\/v2\/media\/9175"}],"wp:attachment":[{"href":"https:\/\/www.louizaauktion.com\/en\/wp-json\/wp\/v2\/media?parent=10729"}],"wp:term":[{"taxonomy":"product_brand","embeddable":true,"href":"https:\/\/www.louizaauktion.com\/en\/wp-json\/wp\/v2\/product_brand?post=10729"},{"taxonomy":"product_cat","embeddable":true,"href":"https:\/\/www.louizaauktion.com\/en\/wp-json\/wp\/v2\/product_cat?post=10729"},{"taxonomy":"product_tag","embeddable":true,"href":"https:\/\/www.louizaauktion.com\/en\/wp-json\/wp\/v2\/product_tag?post=10729"}],"curies":[{"name":"wp","href":"https:\/\/api.w.org\/{rel}","templated":true}]}}