{"id":10668,"date":"2021-12-03T06:46:59","date_gmt":"2021-12-03T06:46:59","guid":{"rendered":"https:\/\/www.louizaauktion.com\/product\/grande-bretagnevictoria-1837-1901-souverain-3\/"},"modified":"2021-12-03T12:09:42","modified_gmt":"2021-12-03T12:09:42","slug":"grande-bretagnevictoria-1837-1901-souverain-3","status":"publish","type":"product","link":"https:\/\/www.louizaauktion.com\/en\/product\/grande-bretagnevictoria-1837-1901-souverain-3\/","title":{"rendered":"GREAT BRITAIN Victoria (1837-1901)"},"content":{"rendered":"<p>Victoria (1837-1901). Sovereign 1865, corner number 11, London.<\/p>\n<p>Ave. VICTORIA DEI GRATIA. Diademed head left. Rev. BRITANNIARUM REGINA FID: DEF:. Crowned shield between two branches. (corner number)<\/p>\n<p>Gold \u2013 7.98 g \u2013 22 mm \u2013 6 o&#039;clock<\/p>\n<p>400\/500\u20ac<\/p>","protected":false},"excerpt":{"rendered":"<p>Victoria (1837-1901). Souverain 1865, num\u00e9ro du coin 11, Londres. Av. VICTORIA DEI GRATIA. T\u00eate diad\u00e9m\u00e9e \u00e0 gauche. Rv. BRITANNIARUM REGINA FID : DEF :. \u00c9cu couronn\u00e9 entre deux branches.(num\u00e9ro du [&hellip;]<\/p>\n","protected":false},"featured_media":10621,"comment_status":"open","ping_status":"closed","template":"","meta":{"_acf_changed":false},"product_brand":[],"product_cat":[15],"product_tag":[40],"class_list":{"0":"post-10668","1":"product","2":"type-product","3":"status-publish","4":"has-post-thumbnail","6":"product_cat-uncategorized","7":"product_tag-vente-11-12-21-b","9":"first","10":"instock","11":"shipping-taxable","12":"purchasable","13":"product-type-simple"},"acf":[],"_links":{"self":[{"href":"https:\/\/www.louizaauktion.com\/en\/wp-json\/wp\/v2\/product\/10668","targetHints":{"allow":["GET"]}}],"collection":[{"href":"https:\/\/www.louizaauktion.com\/en\/wp-json\/wp\/v2\/product"}],"about":[{"href":"https:\/\/www.louizaauktion.com\/en\/wp-json\/wp\/v2\/types\/product"}],"replies":[{"embeddable":true,"href":"https:\/\/www.louizaauktion.com\/en\/wp-json\/wp\/v2\/comments?post=10668"}],"wp:featuredmedia":[{"embeddable":true,"href":"https:\/\/www.louizaauktion.com\/en\/wp-json\/wp\/v2\/media\/10621"}],"wp:attachment":[{"href":"https:\/\/www.louizaauktion.com\/en\/wp-json\/wp\/v2\/media?parent=10668"}],"wp:term":[{"taxonomy":"product_brand","embeddable":true,"href":"https:\/\/www.louizaauktion.com\/en\/wp-json\/wp\/v2\/product_brand?post=10668"},{"taxonomy":"product_cat","embeddable":true,"href":"https:\/\/www.louizaauktion.com\/en\/wp-json\/wp\/v2\/product_cat?post=10668"},{"taxonomy":"product_tag","embeddable":true,"href":"https:\/\/www.louizaauktion.com\/en\/wp-json\/wp\/v2\/product_tag?post=10668"}],"curies":[{"name":"wp","href":"https:\/\/api.w.org\/{rel}","templated":true}]}}