{"id":10647,"date":"2021-12-03T06:46:55","date_gmt":"2021-12-03T06:46:55","guid":{"rendered":"https:\/\/www.louizaauktion.com\/product\/dupont-paris-briquet-de-table\/"},"modified":"2021-12-03T06:46:55","modified_gmt":"2021-12-03T06:46:55","slug":"dupont-paris-briquet-de-table","status":"publish","type":"product","link":"https:\/\/www.louizaauktion.com\/en\/product\/dupont-paris-briquet-de-table\/","title":{"rendered":"DUPONT \u2013 Paris Table lighter"},"content":{"rendered":"<p>Silver metal table lighter decorated with diamond points. Perfect working condition, cigar flame. Near new condition, in its case and box. Accompanied by the certificate. 14 x 4 x 1.8 cm.<\/p>\n<p>300\/500\u20ac<\/p>","protected":false},"excerpt":{"rendered":"<p>Briquet de table en m\u00e9tal argent\u00e9 \u00e0 d\u00e9cor de pointes de diamant. Parfait \u00e9tat de fonctionnement, flamme cigare. Etat proche du neuf, dans son \u00e9crin et sa bo\u00eete. Accompagn\u00e9 du [&hellip;]<\/p>\n","protected":false},"featured_media":10545,"comment_status":"open","ping_status":"closed","template":"","meta":{"_acf_changed":false},"product_brand":[],"product_cat":[15],"product_tag":[40],"class_list":{"0":"post-10647","1":"product","2":"type-product","3":"status-publish","4":"has-post-thumbnail","6":"product_cat-uncategorized","7":"product_tag-vente-11-12-21-b","9":"first","10":"instock","11":"shipping-taxable","12":"purchasable","13":"product-type-simple"},"acf":[],"_links":{"self":[{"href":"https:\/\/www.louizaauktion.com\/en\/wp-json\/wp\/v2\/product\/10647","targetHints":{"allow":["GET"]}}],"collection":[{"href":"https:\/\/www.louizaauktion.com\/en\/wp-json\/wp\/v2\/product"}],"about":[{"href":"https:\/\/www.louizaauktion.com\/en\/wp-json\/wp\/v2\/types\/product"}],"replies":[{"embeddable":true,"href":"https:\/\/www.louizaauktion.com\/en\/wp-json\/wp\/v2\/comments?post=10647"}],"wp:featuredmedia":[{"embeddable":true,"href":"https:\/\/www.louizaauktion.com\/en\/wp-json\/wp\/v2\/media\/10545"}],"wp:attachment":[{"href":"https:\/\/www.louizaauktion.com\/en\/wp-json\/wp\/v2\/media?parent=10647"}],"wp:term":[{"taxonomy":"product_brand","embeddable":true,"href":"https:\/\/www.louizaauktion.com\/en\/wp-json\/wp\/v2\/product_brand?post=10647"},{"taxonomy":"product_cat","embeddable":true,"href":"https:\/\/www.louizaauktion.com\/en\/wp-json\/wp\/v2\/product_cat?post=10647"},{"taxonomy":"product_tag","embeddable":true,"href":"https:\/\/www.louizaauktion.com\/en\/wp-json\/wp\/v2\/product_tag?post=10647"}],"curies":[{"name":"wp","href":"https:\/\/api.w.org\/{rel}","templated":true}]}}