{"id":10634,"date":"2021-12-03T06:46:52","date_gmt":"2021-12-03T06:46:52","guid":{"rendered":"https:\/\/www.louizaauktion.com\/product\/baume-mercier\/"},"modified":"2021-12-03T06:46:52","modified_gmt":"2021-12-03T06:46:52","slug":"baume-mercier","status":"publish","type":"product","link":"https:\/\/www.louizaauktion.com\/en\/product\/baume-mercier\/","title":{"rendered":"BAUME"},"content":{"rendered":"<p>catwalk<\/p>\n<p>Women&#039;s steel bracelet watch. Beautiful pearly pink cream dial. Quartz movement. Good condition. Numbered. Gross weight: 88g. Diam. Strap: 4cm approx. Operating.<\/p>\n<p>350\/500\u20ac<\/p>","protected":false},"excerpt":{"rendered":"<p>Catwalk Montre bracelet en acier pour femme. Beau cadran rose cr\u00e8me nacr\u00e9. Mouvement quartz. Bon \u00e9tat. Num\u00e9rot\u00e9e. Poids brut : 88 g. Diam. Bracelet : 4 cm env. En fonctionnement. [&hellip;]<\/p>\n","protected":false},"featured_media":10490,"comment_status":"open","ping_status":"closed","template":"","meta":{"_acf_changed":false},"product_brand":[],"product_cat":[15],"product_tag":[40],"class_list":{"0":"post-10634","1":"product","2":"type-product","3":"status-publish","4":"has-post-thumbnail","6":"product_cat-uncategorized","7":"product_tag-vente-11-12-21-b","9":"first","10":"instock","11":"shipping-taxable","12":"purchasable","13":"product-type-simple"},"acf":[],"_links":{"self":[{"href":"https:\/\/www.louizaauktion.com\/en\/wp-json\/wp\/v2\/product\/10634","targetHints":{"allow":["GET"]}}],"collection":[{"href":"https:\/\/www.louizaauktion.com\/en\/wp-json\/wp\/v2\/product"}],"about":[{"href":"https:\/\/www.louizaauktion.com\/en\/wp-json\/wp\/v2\/types\/product"}],"replies":[{"embeddable":true,"href":"https:\/\/www.louizaauktion.com\/en\/wp-json\/wp\/v2\/comments?post=10634"}],"wp:featuredmedia":[{"embeddable":true,"href":"https:\/\/www.louizaauktion.com\/en\/wp-json\/wp\/v2\/media\/10490"}],"wp:attachment":[{"href":"https:\/\/www.louizaauktion.com\/en\/wp-json\/wp\/v2\/media?parent=10634"}],"wp:term":[{"taxonomy":"product_brand","embeddable":true,"href":"https:\/\/www.louizaauktion.com\/en\/wp-json\/wp\/v2\/product_brand?post=10634"},{"taxonomy":"product_cat","embeddable":true,"href":"https:\/\/www.louizaauktion.com\/en\/wp-json\/wp\/v2\/product_cat?post=10634"},{"taxonomy":"product_tag","embeddable":true,"href":"https:\/\/www.louizaauktion.com\/en\/wp-json\/wp\/v2\/product_tag?post=10634"}],"curies":[{"name":"wp","href":"https:\/\/api.w.org\/{rel}","templated":true}]}}