{"id":10476,"date":"2021-12-03T00:52:23","date_gmt":"2021-12-03T00:52:23","guid":{"rendered":"https:\/\/www.louizaauktion.com\/product\/charles-dufresne-1876-1938\/"},"modified":"2021-12-03T00:52:23","modified_gmt":"2021-12-03T00:52:23","slug":"charles-dufresne-1876-1938","status":"publish","type":"product","link":"https:\/\/www.louizaauktion.com\/en\/product\/charles-dufresne-1876-1938\/","title":{"rendered":"Charles DUFRESNE (1876 \u2013 1938)"},"content":{"rendered":"<p>Pierre Levy collection \u2013 preface by Claude Roger-Marx <\/p>\n<p>Important portfolio album. Printed in 1,000 copies on Arches vellum paper in a canvas wallet with flaps, closed by laces containing 7 color lithographs. 1971<\/p>\n<p>150\/200\u20ac<\/p>","protected":false},"excerpt":{"rendered":"<p>Collection Pierre Levy \u2013 pr\u00e9face par Claude Roger-Marx Important album portfolio. Tir\u00e9 \u00e0 1.000 exemplaires sur papier v\u00e9lin d\u2019Arches sous portefeuille de toile \u00e0 rabats, ferm\u00e9 par des lacets contenant [&hellip;]<\/p>\n","protected":false},"featured_media":10101,"comment_status":"open","ping_status":"closed","template":"","meta":{"_acf_changed":false},"product_brand":[],"product_cat":[15],"product_tag":[39],"class_list":{"0":"post-10476","1":"product","2":"type-product","3":"status-publish","4":"has-post-thumbnail","6":"product_cat-uncategorized","7":"product_tag-vente-11-12-21-a","9":"first","10":"instock","11":"shipping-taxable","12":"purchasable","13":"product-type-simple"},"acf":[],"_links":{"self":[{"href":"https:\/\/www.louizaauktion.com\/en\/wp-json\/wp\/v2\/product\/10476","targetHints":{"allow":["GET"]}}],"collection":[{"href":"https:\/\/www.louizaauktion.com\/en\/wp-json\/wp\/v2\/product"}],"about":[{"href":"https:\/\/www.louizaauktion.com\/en\/wp-json\/wp\/v2\/types\/product"}],"replies":[{"embeddable":true,"href":"https:\/\/www.louizaauktion.com\/en\/wp-json\/wp\/v2\/comments?post=10476"}],"wp:featuredmedia":[{"embeddable":true,"href":"https:\/\/www.louizaauktion.com\/en\/wp-json\/wp\/v2\/media\/10101"}],"wp:attachment":[{"href":"https:\/\/www.louizaauktion.com\/en\/wp-json\/wp\/v2\/media?parent=10476"}],"wp:term":[{"taxonomy":"product_brand","embeddable":true,"href":"https:\/\/www.louizaauktion.com\/en\/wp-json\/wp\/v2\/product_brand?post=10476"},{"taxonomy":"product_cat","embeddable":true,"href":"https:\/\/www.louizaauktion.com\/en\/wp-json\/wp\/v2\/product_cat?post=10476"},{"taxonomy":"product_tag","embeddable":true,"href":"https:\/\/www.louizaauktion.com\/en\/wp-json\/wp\/v2\/product_tag?post=10476"}],"curies":[{"name":"wp","href":"https:\/\/api.w.org\/{rel}","templated":true}]}}