{"id":10470,"date":"2021-12-03T00:52:22","date_gmt":"2021-12-03T00:52:22","guid":{"rendered":"https:\/\/www.louizaauktion.com\/product\/takashi-murakami-ne-en-1962-dapres-11\/"},"modified":"2021-12-03T00:52:22","modified_gmt":"2021-12-03T00:52:22","slug":"takashi-murakami-ne-en-1962-dapres-11","status":"publish","type":"product","link":"https:\/\/www.louizaauktion.com\/en\/product\/takashi-murakami-ne-en-1962-dapres-11\/","title":{"rendered":"Takashi MURAKAMI (Born in 1962), After"},"content":{"rendered":"<p>Handmade wool rug (New Zealand virgin wool)<\/p>\n<p>STUDIO EDITION. Numbered on the back.<\/p>\n<p>Published in 25 copies.<\/p>\n<p>Diameter: 1 m<\/p>\n<p>A certificate by Editions Studio will be issued to the purchaser.<\/p>\n<p>800\/1200\u20ac<\/p>","protected":false},"excerpt":{"rendered":"<p>Tapis en laine fait main (laine vierge de Nouvelle-Z\u00e9lande) EDITION STUDIO. Num\u00e9rot\u00e9 au dos. Edit\u00e9 \u00e0 25 exemplaires. Diam\u00e8tre : 1 m Un certificat par les Editions Studio sera d\u00e9livr\u00e9 [&hellip;]<\/p>\n","protected":false},"featured_media":10089,"comment_status":"open","ping_status":"closed","template":"","meta":{"_acf_changed":false},"product_brand":[],"product_cat":[15],"product_tag":[39],"class_list":{"0":"post-10470","1":"product","2":"type-product","3":"status-publish","4":"has-post-thumbnail","6":"product_cat-uncategorized","7":"product_tag-vente-11-12-21-a","9":"first","10":"instock","11":"shipping-taxable","12":"purchasable","13":"product-type-simple"},"acf":[],"_links":{"self":[{"href":"https:\/\/www.louizaauktion.com\/en\/wp-json\/wp\/v2\/product\/10470","targetHints":{"allow":["GET"]}}],"collection":[{"href":"https:\/\/www.louizaauktion.com\/en\/wp-json\/wp\/v2\/product"}],"about":[{"href":"https:\/\/www.louizaauktion.com\/en\/wp-json\/wp\/v2\/types\/product"}],"replies":[{"embeddable":true,"href":"https:\/\/www.louizaauktion.com\/en\/wp-json\/wp\/v2\/comments?post=10470"}],"wp:featuredmedia":[{"embeddable":true,"href":"https:\/\/www.louizaauktion.com\/en\/wp-json\/wp\/v2\/media\/10089"}],"wp:attachment":[{"href":"https:\/\/www.louizaauktion.com\/en\/wp-json\/wp\/v2\/media?parent=10470"}],"wp:term":[{"taxonomy":"product_brand","embeddable":true,"href":"https:\/\/www.louizaauktion.com\/en\/wp-json\/wp\/v2\/product_brand?post=10470"},{"taxonomy":"product_cat","embeddable":true,"href":"https:\/\/www.louizaauktion.com\/en\/wp-json\/wp\/v2\/product_cat?post=10470"},{"taxonomy":"product_tag","embeddable":true,"href":"https:\/\/www.louizaauktion.com\/en\/wp-json\/wp\/v2\/product_tag?post=10470"}],"curies":[{"name":"wp","href":"https:\/\/api.w.org\/{rel}","templated":true}]}}