{"id":10459,"date":"2021-12-03T00:52:19","date_gmt":"2021-12-03T00:52:19","guid":{"rendered":"https:\/\/www.louizaauktion.com\/product\/keith-haring-1958-1990-dapres-13\/"},"modified":"2021-12-03T00:52:19","modified_gmt":"2021-12-03T00:52:19","slug":"keith-haring-1958-1990-dapres-13","status":"publish","type":"product","link":"https:\/\/www.louizaauktion.com\/en\/product\/keith-haring-1958-1990-dapres-13\/","title":{"rendered":"Keith HARING (1958-1990) Based on"},"content":{"rendered":"<p>Untitled<\/p>\n<p>Color screenprint on paper, signed in the plate, publisher&#039;s stamp lower right. Numbered 150 copies. <\/p>\n<p>28 x 38 cm<\/p>\n<p>The publisher&#039;s certificate is attached to the work.<\/p>\n<p>150\/200\u20ac<\/p>","protected":false},"excerpt":{"rendered":"<p>Sans titre S\u00e9rigraphie en couleur sur papier, sign\u00e9e dans la planche, Cachet de l\u2019\u00e9diteur en bas \u00e0 droite. Num\u00e9rot\u00e9 \u00e0 150 ex. 28 x 38 cm Le certificat de l\u2019\u00e9diteur [&hellip;]<\/p>\n","protected":false},"featured_media":10067,"comment_status":"open","ping_status":"closed","template":"","meta":{"_acf_changed":false},"product_brand":[],"product_cat":[15],"product_tag":[39],"class_list":{"0":"post-10459","1":"product","2":"type-product","3":"status-publish","4":"has-post-thumbnail","6":"product_cat-uncategorized","7":"product_tag-vente-11-12-21-a","9":"first","10":"instock","11":"shipping-taxable","12":"purchasable","13":"product-type-simple"},"acf":[],"_links":{"self":[{"href":"https:\/\/www.louizaauktion.com\/en\/wp-json\/wp\/v2\/product\/10459","targetHints":{"allow":["GET"]}}],"collection":[{"href":"https:\/\/www.louizaauktion.com\/en\/wp-json\/wp\/v2\/product"}],"about":[{"href":"https:\/\/www.louizaauktion.com\/en\/wp-json\/wp\/v2\/types\/product"}],"replies":[{"embeddable":true,"href":"https:\/\/www.louizaauktion.com\/en\/wp-json\/wp\/v2\/comments?post=10459"}],"wp:featuredmedia":[{"embeddable":true,"href":"https:\/\/www.louizaauktion.com\/en\/wp-json\/wp\/v2\/media\/10067"}],"wp:attachment":[{"href":"https:\/\/www.louizaauktion.com\/en\/wp-json\/wp\/v2\/media?parent=10459"}],"wp:term":[{"taxonomy":"product_brand","embeddable":true,"href":"https:\/\/www.louizaauktion.com\/en\/wp-json\/wp\/v2\/product_brand?post=10459"},{"taxonomy":"product_cat","embeddable":true,"href":"https:\/\/www.louizaauktion.com\/en\/wp-json\/wp\/v2\/product_cat?post=10459"},{"taxonomy":"product_tag","embeddable":true,"href":"https:\/\/www.louizaauktion.com\/en\/wp-json\/wp\/v2\/product_tag?post=10459"}],"curies":[{"name":"wp","href":"https:\/\/api.w.org\/{rel}","templated":true}]}}