{"id":10448,"date":"2021-12-03T00:52:18","date_gmt":"2021-12-03T00:52:18","guid":{"rendered":"https:\/\/www.louizaauktion.com\/product\/jean-michel-basquiat-1960-1988-10\/"},"modified":"2021-12-03T00:52:18","modified_gmt":"2021-12-03T00:52:18","slug":"jean-michel-basquiat-1960-1988-10","status":"publish","type":"product","link":"https:\/\/www.louizaauktion.com\/en\/product\/jean-michel-basquiat-1960-1988-10\/","title":{"rendered":"Jean-Michel BASQUIAT (1960-1988)"},"content":{"rendered":"<p>According to<\/p>\n<p>Untitled<\/p>\n<p>Color screenprint on paper, signed in the plate, publisher&#039;s stamp lower right. Numbered 150 copies. <\/p>\n<p>28 x 38 cm<\/p>\n<p>The publisher&#039;s certificate is attached to the work.<\/p>\n<p>150\/200\u20ac<\/p>","protected":false},"excerpt":{"rendered":"<p>D\u2019Apr\u00e8s Sans titre S\u00e9rigraphie en couleur sur papier, sign\u00e9e dans la planche, Cachet de l\u2019\u00e9diteur en bas \u00e0 droite. Num\u00e9rot\u00e9 \u00e0 150 ex. 28 x 38 cm Le certificat de [&hellip;]<\/p>\n","protected":false},"featured_media":10045,"comment_status":"open","ping_status":"closed","template":"","meta":{"_acf_changed":false},"product_brand":[],"product_cat":[15],"product_tag":[39],"class_list":{"0":"post-10448","1":"product","2":"type-product","3":"status-publish","4":"has-post-thumbnail","6":"product_cat-uncategorized","7":"product_tag-vente-11-12-21-a","9":"first","10":"instock","11":"shipping-taxable","12":"purchasable","13":"product-type-simple"},"acf":[],"_links":{"self":[{"href":"https:\/\/www.louizaauktion.com\/en\/wp-json\/wp\/v2\/product\/10448","targetHints":{"allow":["GET"]}}],"collection":[{"href":"https:\/\/www.louizaauktion.com\/en\/wp-json\/wp\/v2\/product"}],"about":[{"href":"https:\/\/www.louizaauktion.com\/en\/wp-json\/wp\/v2\/types\/product"}],"replies":[{"embeddable":true,"href":"https:\/\/www.louizaauktion.com\/en\/wp-json\/wp\/v2\/comments?post=10448"}],"wp:featuredmedia":[{"embeddable":true,"href":"https:\/\/www.louizaauktion.com\/en\/wp-json\/wp\/v2\/media\/10045"}],"wp:attachment":[{"href":"https:\/\/www.louizaauktion.com\/en\/wp-json\/wp\/v2\/media?parent=10448"}],"wp:term":[{"taxonomy":"product_brand","embeddable":true,"href":"https:\/\/www.louizaauktion.com\/en\/wp-json\/wp\/v2\/product_brand?post=10448"},{"taxonomy":"product_cat","embeddable":true,"href":"https:\/\/www.louizaauktion.com\/en\/wp-json\/wp\/v2\/product_cat?post=10448"},{"taxonomy":"product_tag","embeddable":true,"href":"https:\/\/www.louizaauktion.com\/en\/wp-json\/wp\/v2\/product_tag?post=10448"}],"curies":[{"name":"wp","href":"https:\/\/api.w.org\/{rel}","templated":true}]}}